{"id":112491,"date":"2022-10-04T18:39:36","date_gmt":"2022-10-04T16:39:36","guid":{"rendered":"https:\/\/arche-works.de\/declaration-de-protection-des-donnees\/"},"modified":"2025-09-15T14:29:56","modified_gmt":"2025-09-15T12:29:56","slug":"declaration-de-protection-des-donnees","status":"publish","type":"page","link":"https:\/\/arche-works.de\/fr\/declaration-de-protection-des-donnees\/","title":{"rendered":"D\u00e9claration de protection des donn\u00e9es"},"content":{"rendered":"<div class=\"wpb-content-wrapper\"><p>[vc_row][vc_column][vc_column_text uncode_shortcode_id=\u00a0\u00bb129429&Prime;]G\u00e9n\u00e9ralit\u00e9s<br \/>\nArche\u00a0Noris\u00a0gGmbH accorde une grande importance \u00e0 la protection des donn\u00e9es \u00e0 caract\u00e8re personnel fournies dans le cadre de l\u2019utilisation de nos sites web. Par cons\u00e9quent, nous souhaitons vous informer sur le type de donn\u00e9es \u00e9ventuellement collect\u00e9es et sur nos m\u00e9thodes de traitement. Notre fondement juridique est la\u00a0<a href=\"http:\/\/www.ekd.de\/datenschutz\/\">loi sur la protection des donn\u00e9es de l\u2019\u00c9glise \u00e9vang\u00e9lique en Allemagne (DSG-EKD)<\/a>\u00a0ainsi que les dispositions applicables \u00e0 la fourniture de t\u00e9l\u00e9services et \u00e0 l\u2019exploitation de sites internet.<\/p>\n<p>Donn\u00e9es \u00e0 caract\u00e8re personnel<br \/>\nEn g\u00e9n\u00e9ral, nous utilisons les donn\u00e9es \u00e0 caract\u00e8re personnel fournies par vos soins pour r\u00e9pondre \u00e0 votre demande, traiter votre commande ou vous donner acc\u00e8s \u00e0 certaines informations ou offres. Du reste, nous n\u2019utilisons vos donn\u00e9es que si vous y consentez express\u00e9ment. Si le site internet donne la possibilit\u00e9 de saisir des donn\u00e9es personnelles ou professionnelles (par exemple dans le cadre d\u2019une inscription, commande, demande ou communication personnelle), alors la fourniture de ces donn\u00e9es par le visiteur intervient sur une base express\u00e9ment volontaire.<\/p>\n<p>Collecte, traitement et utilisation des donn\u00e9es<br \/>\nNous ne collectons, traitons et utilisons les donn\u00e9es \u00e0 caract\u00e8re personnel fournies sur notre site que pour les finalit\u00e9s d\u00e9crites dans chaque cas concret. Une collecte, un traitement ou une utilisation plus large est uniquement possible<br \/>\nsi n\u00e9cessaire pour une autre finalit\u00e9 en lien direct avec la finalit\u00e9 initiale de la collecte des donn\u00e9es \u00e0 caract\u00e8re personnel,<br \/>\nsi n\u00e9cessaire en raison d\u2019une obligation l\u00e9gale ou d\u2019une d\u00e9cision administrative ou judiciaire,<br \/>\nsi n\u00e9cessaire \u00e0 des fins d\u2019ouverture ou de protection de droits l\u00e9gaux ou de d\u00e9fense dans le cadre d\u2019actions en justice,<br \/>\nsi utile pour \u00e9viter les abus ou d\u2019autres activit\u00e9s ill\u00e9gales, par exemple des attaques d\u00e9lib\u00e9r\u00e9es de nos syst\u00e8mes.<\/p>\n<p>Formulaire de contact<br \/>\nSi vous utilisez un formulaire de contact pour votre demande, nous conservons vos donn\u00e9es issues du formulaire de demande, notamment les coordonn\u00e9es que vous avez indiqu\u00e9es, aux fins du traitement de votre demande et en cas de questions ult\u00e9rieures. Nous ne transmettons pas ces donn\u00e9es sans votre consentement.<br \/>\nLe traitement des donn\u00e9es fournies dans le formulaire de contact intervient ainsi uniquement sur le fondement de votre consentement (art.\u00a06, paragr.\u00a01, point\u00a0a) RGPD ou \u00a76\u00a0DSG-EKD). Vous pouvez retirer votre consentement \u00e0 tout moment. Il suffit de nous adresser une communication sans forme particuli\u00e8re en ce sens par e-mail. Le retrait du consentement ne compromet pas la lic\u00e9it\u00e9 des traitements de donn\u00e9es effectu\u00e9s avant le retrait.<br \/>\nNous conservons les donn\u00e9es fournies par vos soins dans le formulaire de contact jusqu\u2019\u00e0 ce que vous en demandiez l\u2019effacement ou retiriez votre consentement \u00e0 la conservation ou jusqu\u2019\u00e0 ce que la finalit\u00e9 justifiant la conservation ne soit plus applicable (p.\u00a0ex. apr\u00e8s le traitement complet de votre demande). Les dispositions l\u00e9gales imp\u00e9ratives, en particulier les d\u00e9lais de conservation, demeurent applicables.<\/p>\n<p>Traitement des donn\u00e9es (donn\u00e9es client et contrat)<br \/>\nNous collectons, traitons et utilisons les donn\u00e9es \u00e0 caract\u00e8re personnel uniquement si elles sont n\u00e9cessaires \u00e0 l\u2019\u00e9tablissement, la conception du contenu ou la modification d\u2019une relation juridique (donn\u00e9es de base). Nous collectons, traitons et utilisons les donn\u00e9es \u00e0 caract\u00e8re personnel sur l\u2019utilisation de nos sites internet (donn\u00e9es d&rsquo;utilisation) uniquement si elles sont n\u00e9cessaires pour proposer ou facturer l\u2019utilisation du service \u00e0 l\u2019utilisateur.<br \/>\nLes donn\u00e9es clients collect\u00e9es sont effac\u00e9es \u00e0 la cl\u00f4ture de la commande ou \u00e0 la fin de la relation commerciale. Les d\u00e9lais de conservation l\u00e9gaux demeurent applicables.<\/p>\n<p>Journalisation<br \/>\nLorsque vous acc\u00e9dez \u00e0 nos sites web, des informations li\u00e9es \u00e0 la communication (p.\u00a0ex. adresse de protocole internet abr\u00e9g\u00e9e) ou \u00e0 l\u2019utilisation (p.\u00a0ex. informations sur le d\u00e9but et la dur\u00e9e de l\u2019utilisation ainsi que les services de t\u00e9l\u00e9communication utilis\u00e9s) sont g\u00e9n\u00e9r\u00e9es automatiquement \u00e0 l\u2019aide de moyens techniques. Ces informations peuvent \u00e9ventuellement permettre de d\u00e9duire des donn\u00e9es \u00e0 caract\u00e8re personnel. Des informations non attribuables \u00e0 une personne donn\u00e9e sont en outre collect\u00e9es (p.\u00a0ex. navigateur internet utilis\u00e9\u00a0; syst\u00e8me d\u2019exploitation\u00a0; nom de domaine du site web d\u2019o\u00f9 vous venez\u00a0; nombre de visites\u00a0; temps moyen pass\u00e9\u00a0; pages consult\u00e9es). Nous utilisons ces informations pour \u00e9valuer l\u2019attractivit\u00e9 de nos sites web et en am\u00e9liorer la performance et le contenu.<\/p>\n<p>Composants actifs (p.\u00a0ex. cookies, Javascript, etc.)<br \/>\nLors de votre visite de nos sites web, nous sommes susceptibles d\u2019enregistrer des informations sur votre ordinateur sous la forme d&rsquo;un \u00ab\u00a0cookie\u00a0\u00bb. Les cookies servent par exemple \u00e0 personnaliser un site web en fonction de vos int\u00e9r\u00eats ou \u00e0 enregistrer votre identifiant afin que n\u2019ayez pas \u00e0 le saisir \u00e0 chaque fois. Puisque les cookies ne permettent pas d\u2019identifier d\u2019embl\u00e9e une personne physique, leur utilisation est autoris\u00e9e. Si vous ne souhaitez pas que nous reconnaissions votre ordinateur, configurez votre navigateur internet de sorte qu\u2019il efface les cookies de votre ordinateur, bloque tous les cookies ou vous alerte avant l\u2019enregistrement d&rsquo;un cookie.<\/p>\n<p>Fichiers journaux de serveur<br \/>\nLe fournisseur des pages collecte et conserve automatiquement des informations dans des fichiers journaux de serveur que votre navigateur nous transmet automatiquement. Ces informations incluent ce qui suit\u00a0:<br \/>\nType et version du navigateur<br \/>\nSyst\u00e8me d\u2019exploitation utilis\u00e9<br \/>\nURL du r\u00e9f\u00e9rent<br \/>\nNom d\u2019h\u00f4te de l\u2019ordinateur connect\u00e9<br \/>\nHeure de la requ\u00eate serveur<br \/>\nAdresse\u00a0IP<br \/>\nCes donn\u00e9es ne sont pas fusionn\u00e9es avec d\u2019autres sources de donn\u00e9es.<br \/>\nLa collecte de ces donn\u00e9es intervient sur le fondement de l\u2019art.\u00a06, paragr.\u00a01, point\u00a0f) du RGPD. L\u2019exploitant du site web a un int\u00e9r\u00eat l\u00e9gitime \u00e0 pr\u00e9senter son site web sans erreur technique et \u00e0 l\u2019optimiser. Les fichiers journaux de serveur doivent \u00eatre collect\u00e9s \u00e0 cet effet.<\/p>\n<p>S\u00e9curit\u00e9<br \/>\nNous prenons des mesures de s\u00e9curit\u00e9 techniques et organisationnelles pour prot\u00e9ger les donn\u00e9es que vous nous fournissez contre la manipulation accidentelle ou d\u00e9lib\u00e9r\u00e9e, la perte, la destruction ou l\u2019acc\u00e8s par des personnes non autoris\u00e9es. \u00c0 ce titre, nous nous appuyons sur des normes et am\u00e9liorons nos mesures en fonction des avanc\u00e9es technologiques. Nous vous informons toutefois que l\u2019\u00e9tat actuel de la technique ne permet pas de prot\u00e9ger compl\u00e8tement les donn\u00e9es lors de leur transmission sur internet.<\/p>\n<p>Droit d\u2019opposition<br \/>\nNous vous informons volontiers sur le traitement des donn\u00e9es personnelles que vous nous confiez. En tant que personne concern\u00e9e, vous pouvez \u00e0 tout moment vous opposer au traitement et \u00e0 l\u2019utilisation de vos donn\u00e9es en vertu de la loi sur la protection des donn\u00e9es de l\u2019\u00c9glise \u00e9vang\u00e9lique en Allemagne. Il suffit d\u2019envoyer une communication en ce sens \u00e0 ArcheNoris\u00a0gGmbH, aux coordonn\u00e9es figurant dans les mentions l\u00e9gales. Si vous le souhaitez, nous n\u2019utiliserons pas vos donn\u00e9es pour une prise de contact ult\u00e9rieure et les effacerons.<\/p>\n<p>S\u00e9curit\u00e9 des e-mails<br \/>\nLorsque vous nous envoyez un e-mail, votre adresse e-mail est uniquement utilis\u00e9e pour notre correspondance. Les adresses e-mail que vous nous fournissez lors d\u2019une commande de newsletter sont utilis\u00e9es uniquement \u00e0 cette fin. Aucun processus de chiffrement n\u2019est appliqu\u00e9.<\/p>\n<p>D\u00e9l\u00e9gu\u00e9\/d\u00e9l\u00e9gu\u00e9e \u00e0 la protection des donn\u00e9es<\/p>\n<p>Sven L\u00fcnke<br \/>\nTelefon: +49 (9129) 907 68 99<br \/>\nE-Mail: luenke@sepire.de<\/p>\n<p>Modalit\u00e9s d\u2019utilisation du formulaire de candidature en ligne<\/p>\n<p>Dans le cadre de votre candidature via le formulaire en ligne, vous nous confiez des donn\u00e9es \u00e0 caract\u00e8re personnel. Celles-ci comprennent entre autres votre nom, adresse e-mail, parcours, vos dipl\u00f4mes et tout ce que vous saisissez dans le formulaire de candidature en ligne ainsi que les photos et les documents que vous t\u00e9l\u00e9chargez. La technologie de s\u00e9curit\u00e9 SSL est activ\u00e9e d\u00e8s la consultation et le renseignement du formulaire de candidature en ligne. Les donn\u00e9es sont donc transmises de mani\u00e8re chiffr\u00e9e.<br \/>\nVos donn\u00e9es \u00e0 caract\u00e8re personnel sont temporairement conserv\u00e9es sur serveur par Diakonie\u00a0Deutschland qui centralise le service de candidature en ligne pour tous ses \u00e9tablissements. L\u2019\u00e9tablissement aupr\u00e8s duquel vous postulez re\u00e7oit par e-mail les donn\u00e9es que vous avez saisies dans le formulaire et un lien pour consulter les pi\u00e8ces jointes que vous avez ajout\u00e9es lors de votre candidature. Les donn\u00e9es sont effac\u00e9es 30\u00a0jours plus tard.<br \/>\nL\u2019\u00e9tablissement aupr\u00e8s duquel vous avez postul\u00e9 conserve et archive les donn\u00e9es dans son service\u00a0RH dans les conditions habituelles pour un processus de recrutement. Diakonie\u00a0Deutschland ne conna\u00eet pas ces conditions en d\u00e9tail et d\u00e9cline ainsi toute responsabilit\u00e9. Diakonie\u00a0Deutschland et les \u00e9tablissements qui s\u2019y rattachent sont toutefois soumis \u00e0 la loi sur la protection des donn\u00e9es de l\u2019\u00c9glise \u00e9vang\u00e9lique en Allemagne et aux lois f\u00e9d\u00e9rales allemandes sur la protection des donn\u00e9es.<\/p>\n<p>Information sur la protection des donn\u00e9es<br \/>\nLes donn\u00e9es \u00e0 caract\u00e8re personnel fournies sont collect\u00e9es, trait\u00e9es et utilis\u00e9es dans le respect de la loi sur la protection des donn\u00e9es de l\u2019\u00c9glise \u00e9vang\u00e9lique en Allemagne et de la loi f\u00e9d\u00e9rale allemande sur la protection des donn\u00e9es aux seules fins mentionn\u00e9es pour chaque cas concret. Ces donn\u00e9es ne sont ni transmises \u00e0 des tiers ni utilis\u00e9es \u00e0 des fins commerciales. La fourniture des donn\u00e9es \u00e0 caract\u00e8re personnel est volontaire\u00a0; vous pouvez \u00e0 tout moment vous opposer au traitement et \u00e0 l\u2019utilisation des donn\u00e9es avec effet pour l\u2019avenir. Il suffit d\u2019envoyer une communication en ce sens \u00e0 Sozialnetzwerk\u00a0Arche e.V.<br \/>\nSource\u00a0: diakonie.de<\/p>\n<p>Utilisation de plug-in sociaux<br \/>\nYouTube<br \/>\nNotre site web utilise des plug-in du site YouTube exploit\u00e9 par Google. L\u2019exploitant du site est YouTube, LLC, 901 Cherry Ave., San Bruno, CA 94066, \u00c9tats-Unis.<br \/>\nLorsque vous consultez l\u2019une de nos pages disposant d&rsquo;un plug-in YouTube, une connexion est \u00e9tablie avec les serveurs de YouTube. Le serveur de YouTube est inform\u00e9 des pages que vous consultez.<br \/>\nSi vous \u00eates connect\u00e9 \u00e0 votre compte YouTube, vous autorisez YouTube \u00e0 directement attribuer votre comportement de navigation \u00e0 votre profil personnel. Vous pouvez emp\u00eacher cette attribution en vous d\u00e9connectant de votre compte YouTube.<br \/>\nYouTube est utilis\u00e9 aux fins de la pr\u00e9sentation attrayante de nos sites en ligne. Il s\u2019agit d\u2019un int\u00e9r\u00eat l\u00e9gitime au sens de l\u2019art.\u00a06, paragr.\u00a01, point\u00a0f) du RGPD.<br \/>\nVous trouverez de plus amples informations sur le traitement des donn\u00e9es utilisateur dans les r\u00e8gles de confidentialit\u00e9 de YouTube \u00e0 l\u2019adresse\u00a0: https:\/\/www.google.fr\/intl\/fr\/policies\/privacy.<\/p>\n<p>Google Web Fonts<br \/>\nLe pr\u00e9sent site fait appel \u00e0 Web Fonts de Google pour l\u2019homog\u00e9n\u00e9it\u00e9 de ces polices d\u2019\u00e9criture. Lors de la consultation du site, votre navigateur t\u00e9l\u00e9charge les Web Fonts n\u00e9cessaires dans le cache afin d\u2019afficher correctement les textes et les polices d\u2019\u00e9criture.<br \/>\nLe navigateur que vous utilisez doit \u00e9tablir une connexion avec les serveurs de Google \u00e0 cette fin. Google apprend par ce biais que votre adresse\u00a0IP consulte notre site web. Google\u00a0Web\u00a0Fonts est utilis\u00e9 aux fins de la pr\u00e9sentation homog\u00e8ne et attrayante de nos sites en ligne. Il s\u2019agit d\u2019un int\u00e9r\u00eat l\u00e9gitime au sens de l\u2019art.\u00a06, paragr.\u00a01, point\u00a0f) du RGPD.<br \/>\nSi votre navigateur ne prend pas en charge Web\u00a0Fonts, votre ordinateur affichera une police d\u2019\u00e9criture standard.<br \/>\nVous trouverez de plus amples informations sur Google\u00a0Web\u00a0Fonts \u00e0 l\u2019adresse\u00a0https:\/\/developers.google.com\/fonts\/faq et dans les r\u00e8gles de confidentialit\u00e9 de Google\u00a0: https:\/\/www.google.com\/policies\/privacy\/.[\/vc_column_text][\/vc_column][\/vc_row]<\/p>\n<\/div>","protected":false},"excerpt":{"rendered":"<p>[vc_row][vc_column][vc_column_text uncode_shortcode_id=\u00a0\u00bb129429&Prime;]G\u00e9n\u00e9ralit\u00e9s Arche\u00a0Noris\u00a0gGmbH accorde une grande importance \u00e0 la protection des donn\u00e9es \u00e0 caract\u00e8re personnel fournies dans le cadre de [&hellip;]<\/p>\n","protected":false},"author":1,"featured_media":0,"parent":0,"menu_order":0,"comment_status":"closed","ping_status":"closed","template":"","meta":{"footnotes":""},"class_list":["post-112491","page","type-page","status-publish","hentry"],"_links":{"self":[{"href":"https:\/\/arche-works.de\/fr\/wp-json\/wp\/v2\/pages\/112491","targetHints":{"allow":["GET"]}}],"collection":[{"href":"https:\/\/arche-works.de\/fr\/wp-json\/wp\/v2\/pages"}],"about":[{"href":"https:\/\/arche-works.de\/fr\/wp-json\/wp\/v2\/types\/page"}],"author":[{"embeddable":true,"href":"https:\/\/arche-works.de\/fr\/wp-json\/wp\/v2\/users\/1"}],"replies":[{"embeddable":true,"href":"https:\/\/arche-works.de\/fr\/wp-json\/wp\/v2\/comments?post=112491"}],"version-history":[{"count":1,"href":"https:\/\/arche-works.de\/fr\/wp-json\/wp\/v2\/pages\/112491\/revisions"}],"predecessor-version":[{"id":112577,"href":"https:\/\/arche-works.de\/fr\/wp-json\/wp\/v2\/pages\/112491\/revisions\/112577"}],"wp:attachment":[{"href":"https:\/\/arche-works.de\/fr\/wp-json\/wp\/v2\/media?parent=112491"}],"curies":[{"name":"wp","href":"https:\/\/api.w.org\/{rel}","templated":true}]}}