{"id":112492,"date":"2022-10-04T18:38:39","date_gmt":"2022-10-04T16:38:39","guid":{"rendered":"https:\/\/arche-works.de\/mentions-legales\/"},"modified":"2023-10-24T16:25:03","modified_gmt":"2023-10-24T14:25:03","slug":"mentions-legales","status":"publish","type":"page","link":"https:\/\/arche-works.de\/fr\/mentions-legales\/","title":{"rendered":"Mentions l\u00e9gales"},"content":{"rendered":"<div class=\"wpb-content-wrapper\"><p>[vc_row][vc_column][vc_column_text uncode_shortcode_id=\u00a0\u00bb102509&Prime;]<br \/>\nInformations en vertu du \u00a7\u00a05 de la loi sur les t\u00e9l\u00e9m\u00e9dias (TMG)\u00a0:<br \/>\nArche Teach and Work International gGmbH<br \/>\nMoskauer Ring 1<br \/>\n97084 W\u00fcrzburg<\/p>\n<p>Registre du commerce\u00a0: HRB 15558<br \/>\nTribunal responsable du registre\u00a0: Amtsgericht W\u00fcrzburg<\/p>\n<p>Repr\u00e9sent\u00e9e par le g\u00e9rant\u00a0:<br \/>\nAndreas\u00a0M\u00fc\u00dfig<br \/>\nContact<br \/>\nT\u00e9l\u00e9phone\u00a0: 09545 21249-20<br \/>\nFax\u00a0: 09545 21249-80<br \/>\nE-mail\u00a0: info@arche-twi.com<\/p>\n<p>Informations relatives \u00e0 l\u2019assurance de responsabilit\u00e9 civile professionnelle<br \/>\n\u2013 Soumises ult\u00e9rieurement \u2013<\/p>\n<p>M\u00e9diation<br \/>\nNous ne sommes ni dispos\u00e9s ni contraints de participer \u00e0 une proc\u00e9dure de r\u00e8glement de litige devant un organisme de m\u00e9diation pour les consommateurs.<\/p>\n<p>Responsabilit\u00e9 en mati\u00e8re de contenus<br \/>\nEn vertu du \u00a7\u00a07, al.\u00a01 TMG, nous sommes responsables, en notre qualit\u00e9 de fournisseur de services, de nos propres contenus sur ces pages conform\u00e9ment aux lois g\u00e9n\u00e9rales. En vertu des \u00a7\u00a7\u00a08 \u00e0 10 TMG, nous ne sommes toutefois pas tenus, en notre qualit\u00e9 de fournisseur de services, de surveiller les informations tierces transmises ou enregistr\u00e9es ou de rechercher des faits sugg\u00e9rant une activit\u00e9 illicite.<\/p>\n<p>Les obligations de retrait d\u2019informations ou de blocage de leur utilisation vis\u00e9es par les lois g\u00e9n\u00e9rales demeurent applicables. Une responsabilit\u00e9 en ce sens ne peut toutefois \u00eatre engag\u00e9e qu\u2019\u00e0 partir de la d\u00e9couverte d\u2019une violation concr\u00e8te de la loi. En cas de prise de connaissance de telles violations de la loi, les contenus concern\u00e9s seront retir\u00e9s sans d\u00e9lai.<\/p>\n<p>Responsabilit\u00e9 en mati\u00e8re de liens<br \/>\nNotre offre comporte des liens vers des sites externes de tiers. Nous n\u2019avons aucune influence sur le contenu de ces sites. Nous d\u00e9clinons donc toute responsabilit\u00e9 vis-\u00e0-vis de ces contenus tiers. Le fournisseur ou l\u2019exploitant des pages concern\u00e9 est toujours responsable du contenu auquel se rapportent les liens. Les pages faisant l\u2019objet d\u2019un lien ont \u00e9t\u00e9 v\u00e9rifi\u00e9es \u00e0 la recherche de manquements \u00e0 la loi au moment de l\u2019\u00e9tablissement du lien. Aucun contenu illicite n\u2019a \u00e9t\u00e9 constat\u00e9 au moment de l\u2019\u00e9tablissement du lien.<\/p>\n<p>Il n\u2019est toutefois pas raisonnable d\u2019exiger un contr\u00f4le continu du contenu sur ces pages en l\u2019absence d\u2019indices concrets de violation de la loi. En cas de prise de connaissance de telles violations de la loi, nous retirerons sans d\u00e9lai ces liens.<\/p>\n<p>Droits d\u2019auteur<br \/>\nLes contenus et \u0153uvres cr\u00e9\u00e9s par l\u2019exploitant du site sur ces pages sont soumis au droit d\u2019auteur allemand. La reproduction, la modification, la diffusion et l\u2019exploitation de toute nature en dehors des limites du droit d\u2019auteur n\u00e9cessitent l\u2019autorisation \u00e9crite de l\u2019auteur ou du cr\u00e9ateur concern\u00e9. Les t\u00e9l\u00e9chargements et copies de ce site ne sont autoris\u00e9s que pour un usage priv\u00e9, non commercial.<\/p>\n<p>Lorsque les contenus de ce site ne sont pas cr\u00e9\u00e9s par l\u2019exploitant, les droits d\u2019auteur de tiers sont respect\u00e9s. En particulier, les contenus de tiers sont identifi\u00e9s en tant que tels. Si vous constatez tout de m\u00eame une violation de droits d\u2019auteur, nous vous prions de nous en informer. En cas de prise de connaissance de telles violations de la loi, nous retirerons sans d\u00e9lai ces contenus.<\/p>\n<p>Responsable du contenu\u00a0:<\/p>\n<p>Arche Teach and Work International gGmbH<br \/>\nMoskauer Ring 1<br \/>\n97084 W\u00fcrzburg<br \/>\nT\u00e9l. 09545 21249-20<br \/>\nFax 09545 21249-80<br \/>\nE-mail\u00a0: info@arche-twi.com<\/p>\n<p>Arche Teach and Work International gGmbH<br \/>\nPrivate Fachoberschule Fr\u00e4nkische Schweiz<br \/>\nBahnhofstra\u00dfe 55<br \/>\n91330 Eggolsheim<br \/>\nT\u00e9l. 09545 21249-10<br \/>\nFax 09194 21249-90<br \/>\nfos@arche-twi.com<\/p>\n<p>Conception et mise en \u0153uvre web<br \/>\n<a href=\"https:\/\/printessenz.de\">Agence de publicit\u00e9 Printessenz<\/a>[\/vc_column_text][\/vc_column][\/vc_row]<\/p>\n<\/div>","protected":false},"excerpt":{"rendered":"<p>[vc_row][vc_column][vc_column_text uncode_shortcode_id=\u00a0\u00bb102509&Prime;] Informations en vertu du \u00a7\u00a05 de la loi sur les t\u00e9l\u00e9m\u00e9dias (TMG)\u00a0: Arche Teach and Work International gGmbH [&hellip;]<\/p>\n","protected":false},"author":1,"featured_media":0,"parent":0,"menu_order":0,"comment_status":"closed","ping_status":"closed","template":"","meta":{"footnotes":""},"class_list":["post-112492","page","type-page","status-publish","hentry"],"_links":{"self":[{"href":"https:\/\/arche-works.de\/fr\/wp-json\/wp\/v2\/pages\/112492","targetHints":{"allow":["GET"]}}],"collection":[{"href":"https:\/\/arche-works.de\/fr\/wp-json\/wp\/v2\/pages"}],"about":[{"href":"https:\/\/arche-works.de\/fr\/wp-json\/wp\/v2\/types\/page"}],"author":[{"embeddable":true,"href":"https:\/\/arche-works.de\/fr\/wp-json\/wp\/v2\/users\/1"}],"replies":[{"embeddable":true,"href":"https:\/\/arche-works.de\/fr\/wp-json\/wp\/v2\/comments?post=112492"}],"version-history":[{"count":2,"href":"https:\/\/arche-works.de\/fr\/wp-json\/wp\/v2\/pages\/112492\/revisions"}],"predecessor-version":[{"id":112494,"href":"https:\/\/arche-works.de\/fr\/wp-json\/wp\/v2\/pages\/112492\/revisions\/112494"}],"wp:attachment":[{"href":"https:\/\/arche-works.de\/fr\/wp-json\/wp\/v2\/media?parent=112492"}],"curies":[{"name":"wp","href":"https:\/\/api.w.org\/{rel}","templated":true}]}}