{"id":112515,"date":"2022-10-04T18:36:09","date_gmt":"2022-10-04T16:36:09","guid":{"rendered":"https:\/\/arche-works.de\/candidature-apprentis\/"},"modified":"2023-11-21T12:43:04","modified_gmt":"2023-11-21T11:43:04","slug":"candidature-apprentis","status":"publish","type":"page","link":"https:\/\/arche-works.de\/fr\/candidature-apprentis\/","title":{"rendered":"Candidature apprentis"},"content":{"rendered":"<div class=\"wpb-content-wrapper\"><p>[vc_row unlock_row_content=\u00a0\u00bbyes\u00a0\u00bb row_height_percent=\u00a0\u00bb0&Prime; override_padding=\u00a0\u00bbyes\u00a0\u00bb h_padding=\u00a0\u00bb0&Prime; top_padding=\u00a0\u00bb0&Prime; bottom_padding=\u00a0\u00bb0&Prime; overlay_alpha=\u00a0\u00bb50&Prime; equal_height=\u00a0\u00bbyes\u00a0\u00bb gutter_size=\u00a0\u00bb0&Prime; column_width_percent=\u00a0\u00bb100&Prime; shift_y=\u00a0\u00bb0&Prime; z_index=\u00a0\u00bb0&Prime;][vc_column column_width_percent=\u00a0\u00bb100&Prime; gutter_size=\u00a0\u00bb3&Prime; back_image=\u00a0\u00bb110561&Prime; overlay_alpha=\u00a0\u00bb50&Prime; shift_x=\u00a0\u00bb0&Prime; shift_y=\u00a0\u00bb0&Prime; shift_y_down=\u00a0\u00bb0&Prime; z_index=\u00a0\u00bb0&Prime; medium_width=\u00a0\u00bb0&Prime; mobile_width=\u00a0\u00bb0&Prime; width=\u00a0\u00bb1\/2&Prime; mobile_height=\u00a0\u00bb340&Prime; uncode_shortcode_id=\u00a0\u00bb966451&Prime;][\/vc_column][vc_column column_width_percent=\u00a0\u00bb100&Prime; align_horizontal=\u00a0\u00bbalign_center\u00a0\u00bb gutter_size=\u00a0\u00bb3&Prime; override_padding=\u00a0\u00bbyes\u00a0\u00bb column_padding=\u00a0\u00bb5&Prime; style=\u00a0\u00bbdark\u00a0\u00bb back_color=\u00a0\u00bbcolor-935218&Prime; overlay_alpha=\u00a0\u00bb50&Prime; shift_x=\u00a0\u00bb0&Prime; shift_y=\u00a0\u00bb0&Prime; shift_y_down=\u00a0\u00bb0&Prime; z_index=\u00a0\u00bb0&Prime; medium_width=\u00a0\u00bb0&Prime; mobile_width=\u00a0\u00bb0&Prime; width=\u00a0\u00bb1\/2&Prime; uncode_shortcode_id=\u00a0\u00bb181920&Prime; back_color_type=\u00a0\u00bbuncode-palette\u00a0\u00bb][vc_custom_heading text_color=\u00a0\u00bbcolor-xsdn\u00a0\u00bb heading_semantic=\u00a0\u00bbh6&Prime; text_size=\u00a0\u00bbfontsize-160000&Prime; text_transform=\u00a0\u00bbuppercase\u00a0\u00bb text_space=\u00a0\u00bbfontspace-135905&Prime; uncode_shortcode_id=\u00a0\u00bb827009&Prime; text_color_type=\u00a0\u00bbuncode-palette\u00a0\u00bb]Pas encore de formation\u00a0?[\/vc_custom_heading][vc_custom_heading text_size=\u00a0\u00bbfontsize-155944&Prime; uncode_shortcode_id=\u00a0\u00bb739048&Prime;]Int\u00e9grez notre \u00e9cole professionnelle sp\u00e9cialis\u00e9e dans les soins \u00e0 la personne et aux personnes \u00e2g\u00e9es\u00a0![\/vc_custom_heading][vc_column_text text_lead=\u00a0\u00bbyes\u00a0\u00bb uncode_shortcode_id=\u00a0\u00bb146574&Prime;]Vous avez termin\u00e9 avec brio vos \u00e9tudes secondaires et souhaitez suivre une formation en Allemagne\u00a0?<\/p>\n<p><strong>Nous vous proposons\u00a0:<\/strong><\/p>\n<ul>\n<li>Une formation de 3\u00a0ans dans notre \u00e9cole professionnelle de soins \u00e0 la personne pour obtenir un dipl\u00f4me d\u2019\u00c9tat d\u2019infirmi\u00e8re\/d\u2019infirmier<\/li>\n<li>Une formation de 1\u00a0an dans notre \u00e9cole professionnelle de soins aux personnes \u00e2g\u00e9es pour obtenir un dipl\u00f4me d\u2019\u00c9tat d\u2019aide-soignant\/d\u2019aide-soignante (soins g\u00e9riatriques)<\/li>\n<\/ul>\n<p>Nous avons suscit\u00e9 votre int\u00e9r\u00eat\u00a0? Postulez d\u00e8s \u00e0 pr\u00e9sent\u00a0! Vous trouverez de plus amples informations dans les t\u00e9l\u00e9chargements.[\/vc_column_text][vc_empty_space empty_h=\u00a0\u00bb2&Prime;][vc_button border_width=\u00a0\u00bb0&Prime; display=\u00a0\u00bbinline\u00a0\u00bb link=\u00a0\u00bburl:%2Fwp-content%2Fuploads%2F2023%2F01%2FDownload-8_11_Internationale-Bewerbung-Pflegefachkraft-3-Jahre.pdf|\u00a0\u00bb uncode_shortcode_id=\u00a0\u00bb124079&Prime;]Formation de 3 ans en soins infirmiers[\/vc_button][vc_button border_width=\u00a0\u00bb0&Prime; display=\u00a0\u00bbinline\u00a0\u00bb link=\u00a0\u00bburl:%2Fwp-content%2Fuploads%2F2023%2F01%2FDownload-9_11_Internationale-Bewerbung-Pflegehelfer-1-Jahr.pdf|\u00a0\u00bb uncode_shortcode_id=\u00a0\u00bb208216&Prime;]Formation d&rsquo;un an d&rsquo;aide-soignant*.[\/vc_button][\/vc_column][\/vc_row]<\/p>\n<\/div>","protected":false},"excerpt":{"rendered":"<p>[vc_row unlock_row_content=\u00a0\u00bbyes\u00a0\u00bb row_height_percent=\u00a0\u00bb0&Prime; override_padding=\u00a0\u00bbyes\u00a0\u00bb h_padding=\u00a0\u00bb0&Prime; top_padding=\u00a0\u00bb0&Prime; bottom_padding=\u00a0\u00bb0&Prime; overlay_alpha=\u00a0\u00bb50&Prime; equal_height=\u00a0\u00bbyes\u00a0\u00bb gutter_size=\u00a0\u00bb0&Prime; column_width_percent=\u00a0\u00bb100&Prime; shift_y=\u00a0\u00bb0&Prime; z_index=\u00a0\u00bb0&Prime;][vc_column column_width_percent=\u00a0\u00bb100&Prime; gutter_size=\u00a0\u00bb3&Prime; back_image=\u00a0\u00bb110561&Prime; overlay_alpha=\u00a0\u00bb50&Prime; shift_x=\u00a0\u00bb0&Prime; shift_y=\u00a0\u00bb0&Prime; shift_y_down=\u00a0\u00bb0&Prime; [&hellip;]<\/p>\n","protected":false},"author":1,"featured_media":0,"parent":0,"menu_order":0,"comment_status":"closed","ping_status":"closed","template":"","meta":{"footnotes":""},"class_list":["post-112515","page","type-page","status-publish","hentry"],"_links":{"self":[{"href":"https:\/\/arche-works.de\/fr\/wp-json\/wp\/v2\/pages\/112515","targetHints":{"allow":["GET"]}}],"collection":[{"href":"https:\/\/arche-works.de\/fr\/wp-json\/wp\/v2\/pages"}],"about":[{"href":"https:\/\/arche-works.de\/fr\/wp-json\/wp\/v2\/types\/page"}],"author":[{"embeddable":true,"href":"https:\/\/arche-works.de\/fr\/wp-json\/wp\/v2\/users\/1"}],"replies":[{"embeddable":true,"href":"https:\/\/arche-works.de\/fr\/wp-json\/wp\/v2\/comments?post=112515"}],"version-history":[{"count":2,"href":"https:\/\/arche-works.de\/fr\/wp-json\/wp\/v2\/pages\/112515\/revisions"}],"predecessor-version":[{"id":112517,"href":"https:\/\/arche-works.de\/fr\/wp-json\/wp\/v2\/pages\/112515\/revisions\/112517"}],"wp:attachment":[{"href":"https:\/\/arche-works.de\/fr\/wp-json\/wp\/v2\/media?parent=112515"}],"curies":[{"name":"wp","href":"https:\/\/api.w.org\/{rel}","templated":true}]}}