{"id":112205,"date":"2022-09-20T18:35:54","date_gmt":"2022-09-20T16:35:54","guid":{"rendered":"https:\/\/arche-works.de\/aplikimi-per-profesionistet\/"},"modified":"2023-08-21T21:59:27","modified_gmt":"2023-08-21T19:59:27","slug":"aplikimi-per-profesionistet","status":"publish","type":"page","link":"https:\/\/arche-works.de\/sq\/aplikimi-per-profesionistet\/","title":{"rendered":"Aplikimi p\u00ebr profesionist\u00ebt"},"content":{"rendered":"<div class=\"wpb-content-wrapper\"><p>[vc_row unlock_row_content=&#8221;yes&#8221; row_height_percent=&#8221;0&#8243; override_padding=&#8221;yes&#8221; h_padding=&#8221;2&#8243; top_padding=&#8221;5&#8243; bottom_padding=&#8221;2&#8243; back_color=&#8221;color-xsdn&#8221; overlay_alpha=&#8221;50&#8243; gutter_size=&#8221;3&#8243; column_width_percent=&#8221;100&#8243; border_color=&#8221;color-gyho&#8221; border_style=&#8221;solid&#8221; shift_y=&#8221;0&#8243; z_index=&#8221;0&#8243; css=&#8221;.vc_custom_1663689156629{border-top-width: 1px !important;}&#8221; uncode_shortcode_id=&#8221;147319&#8243; back_color_type=&#8221;uncode-palette&#8221; border_color_type=&#8221;uncode-palette&#8221;][vc_column column_width_percent=&#8221;100&#8243; align_horizontal=&#8221;align_center&#8221; gutter_size=&#8221;3&#8243; overlay_alpha=&#8221;50&#8243; shift_x=&#8221;0&#8243; shift_y=&#8221;0&#8243; shift_y_down=&#8221;0&#8243; z_index=&#8221;0&#8243; medium_width=&#8221;0&#8243; mobile_width=&#8221;0&#8243; width=&#8221;1\/1&#8243;][vc_custom_heading css_animation=&#8221;right-t-left&#8221; uncode_shortcode_id=&#8221;922031&#8243;]Fillimi juaj me Arche <span class=\"heading-text-highlight \" data-atts='{\"bg\":\"#c60021\",\"height\":\"100%\",\"offset\":\"-0.1em\",\"opacity\":\"1\",\"animated\":\"yes\"}'> #WORKS\u00a0 <\/span><\/p>\n<p>Koh\u00ebzgjatja 12-14 muaj[\/vc_custom_heading][vc_empty_space empty_h=&#8221;2&#8243;][vc_row_inner row_inner_height_percent=&#8221;0&#8243; overlay_alpha=&#8221;50&#8243; equal_height=&#8221;yes&#8221; gutter_size=&#8221;2&#8243; shift_y=&#8221;0&#8243; z_index=&#8221;0&#8243; uncode_shortcode_id=&#8221;588551&#8243; limit_content=&#8221;&#8221;][vc_column_inner column_width_percent=&#8221;100&#8243; align_horizontal=&#8221;align_center&#8221; gutter_size=&#8221;3&#8243; override_padding=&#8221;yes&#8221; column_padding=&#8221;2&#8243; style=&#8221;dark&#8221; back_color=&#8221;color-935218&#8243; overlay_alpha=&#8221;50&#8243; shift_x=&#8221;0&#8243; shift_y=&#8221;0&#8243; shift_y_down=&#8221;0&#8243; z_index=&#8221;0&#8243; medium_width=&#8221;2&#8243; mobile_width=&#8221;0&#8243; css_animation=&#8221;bottom-t-top&#8221; animation_delay=&#8221;200&#8243; width=&#8221;1\/4&#8243; uncode_shortcode_id=&#8221;180840&#8243; back_color_type=&#8221;uncode-palette&#8221;][vc_icon icon=&#8221;fa fa-info-circle&#8221; icon_color=&#8221;color-xsdn&#8221; size=&#8221;fa-3x&#8221; text_size=&#8221;h4&#8243; align=&#8221;left&#8221; title=&#8221;Informacion&#8221; uncode_shortcode_id=&#8221;755368&#8243; icon_color_type=&#8221;uncode-palette&#8221;]Ju informoheni holl\u00ebsisht mbi mjedisin tuaj t\u00eb ri t\u00eb pun\u00ebs n\u00eb Gjermani. Ju keni pyetje? Ne jemi n\u00eb dispozicionin tuaj.[\/vc_icon][\/vc_column_inner][vc_column_inner column_width_percent=&#8221;100&#8243; align_horizontal=&#8221;align_center&#8221; gutter_size=&#8221;3&#8243; override_padding=&#8221;yes&#8221; column_padding=&#8221;2&#8243; style=&#8221;dark&#8221; back_color=&#8221;color-935218&#8243; overlay_alpha=&#8221;50&#8243; shift_x=&#8221;0&#8243; shift_y=&#8221;0&#8243; shift_y_down=&#8221;0&#8243; z_index=&#8221;0&#8243; medium_width=&#8221;2&#8243; mobile_width=&#8221;0&#8243; css_animation=&#8221;bottom-t-top&#8221; animation_delay=&#8221;400&#8243; width=&#8221;1\/4&#8243; uncode_shortcode_id=&#8221;509857&#8243; back_color_type=&#8221;uncode-palette&#8221;][vc_icon icon=&#8221;fa fa-group&#8221; icon_color=&#8221;color-xsdn&#8221; size=&#8221;fa-3x&#8221; text_size=&#8221;h4&#8243; align=&#8221;left&#8221; title=&#8221;K\u00ebshillim&#8221; uncode_shortcode_id=&#8221;347594&#8243; icon_color_type=&#8221;uncode-palette&#8221;]Jeni t\u00eb sigurt\u00eb se doni t\u00eb punoni n\u00eb Gjermani n\u00eb fush\u00ebn e kujdesit sh\u00ebndet\u00ebsor ose si edukator\/-e.<br \/>\nNe do t\u00eb vler\u00ebsojm\u00eb njohurit\u00eb tuaja n\u00eb gjuh\u00ebn gjermane dhe do t\u00eb gjejm\u00eb p\u00ebr ju nj\u00eb kurs gjuhe t\u00eb p\u00ebrshtatsh\u00ebm.[\/vc_icon][\/vc_column_inner][vc_column_inner column_width_percent=&#8221;100&#8243; align_horizontal=&#8221;align_center&#8221; gutter_size=&#8221;3&#8243; override_padding=&#8221;yes&#8221; column_padding=&#8221;2&#8243; style=&#8221;dark&#8221; back_color=&#8221;color-935218&#8243; overlay_alpha=&#8221;50&#8243; shift_x=&#8221;0&#8243; shift_y=&#8221;0&#8243; shift_y_down=&#8221;0&#8243; z_index=&#8221;0&#8243; medium_width=&#8221;2&#8243; mobile_width=&#8221;0&#8243; css_animation=&#8221;bottom-t-top&#8221; animation_delay=&#8221;600&#8243; width=&#8221;1\/4&#8243; uncode_shortcode_id=&#8221;130931&#8243; back_color_type=&#8221;uncode-palette&#8221;][vc_icon icon=&#8221;fa fa-edit&#8221; icon_color=&#8221;color-xsdn&#8221; size=&#8221;fa-3x&#8221; text_size=&#8221;h4&#8243; align=&#8221;left&#8221; title=&#8221;Aplikimi&#8221; uncode_shortcode_id=&#8221;542051&#8243; icon_color_type=&#8221;uncode-palette&#8221;]Ne i kontrollojm\u00eb me kujdes dokumentet tuaja dhe ju ndihmojm\u00eb me procedurat e nevojshme. K\u00ebtu p\u00ebrfshihen k\u00ebrkesa p\u00ebr viz\u00eb, si dhe k\u00ebrkesa p\u00ebr lejen e pun\u00ebs.[\/vc_icon][\/vc_column_inner][vc_column_inner column_width_percent=&#8221;100&#8243; align_horizontal=&#8221;align_center&#8221; gutter_size=&#8221;3&#8243; override_padding=&#8221;yes&#8221; column_padding=&#8221;2&#8243; style=&#8221;dark&#8221; back_color=&#8221;color-935218&#8243; overlay_alpha=&#8221;50&#8243; shift_x=&#8221;0&#8243; shift_y=&#8221;0&#8243; shift_y_down=&#8221;0&#8243; z_index=&#8221;0&#8243; medium_width=&#8221;2&#8243; mobile_width=&#8221;0&#8243; css_animation=&#8221;bottom-t-top&#8221; animation_delay=&#8221;800&#8243; width=&#8221;1\/4&#8243; uncode_shortcode_id=&#8221;165526&#8243; back_color_type=&#8221;uncode-palette&#8221;][vc_icon icon=&#8221;fa fa-check&#8221; icon_color=&#8221;color-xsdn&#8221; size=&#8221;fa-3x&#8221; text_size=&#8221;h4&#8243; align=&#8221;left&#8221; title=&#8221;Fillimi&#8221; uncode_shortcode_id=&#8221;145088&#8243; icon_color_type=&#8221;uncode-palette&#8221;]Erdhi koha: Ju mund t\u00eb filloni pun\u00ebn tuaj t\u00eb re ose shkollimin profesional n\u00eb Gjermani. Ne merremi me nj\u00eb banes\u00eb t\u00eb p\u00ebrshtatshme p\u00ebr koh\u00ebn e par\u00eb dhe ju ndihmojm\u00eb n\u00eb integrimin social..<\/p>\n<p>[\/vc_icon][\/vc_column_inner][\/vc_row_inner][\/vc_column][\/vc_row][vc_row][vc_column column_width_percent=&#8221;100&#8243; align_horizontal=&#8221;align_center&#8221; gutter_size=&#8221;3&#8243; overlay_alpha=&#8221;50&#8243; shift_x=&#8221;0&#8243; shift_y=&#8221;0&#8243; shift_y_down=&#8221;0&#8243; z_index=&#8221;0&#8243; medium_width=&#8221;0&#8243; mobile_width=&#8221;0&#8243; width=&#8221;1\/1&#8243; uncode_shortcode_id=&#8221;457217&#8243;][vc_custom_heading heading_semantic=&#8221;h1&#8243; text_font=&#8221;font-377884&#8243; text_size=&#8221;h3&#8243; text_weight=&#8221;600&#8243; text_height=&#8221;fontheight-357766&#8243; text_space=&#8221;fontspace-781688&#8243; uncode_shortcode_id=&#8221;152978&#8243;]Arche #Works rekomandon dhe mund\u00ebson p\u00ebr punonj\u00ebsit e ardhsh\u00ebm nj\u00eb bised\u00eb shk\u00ebmbimesh (video-konferenc\u00eb\/thirrje telefonike) me pun\u00ebdh\u00ebn\u00ebsit e tyre t\u00eb ardhsh\u00ebm p\u00ebr t\u00eb ndihmuar n\u00eb marrjen e vendimeve. A keni interesim? Na kontaktoni![\/vc_custom_heading][\/vc_column][\/vc_row][vc_row unlock_row=&#8221;&#8221; row_height_percent=&#8221;0&#8243; override_padding=&#8221;yes&#8221; h_padding=&#8221;2&#8243; top_padding=&#8221;3&#8243; bottom_padding=&#8221;0&#8243; overlay_alpha=&#8221;80&#8243; equal_height=&#8221;yes&#8221; gutter_size=&#8221;4&#8243; column_width_percent=&#8221;100&#8243; shift_y=&#8221;0&#8243; z_index=&#8221;0&#8243; uncode_shortcode_id=&#8221;317135&#8243;][vc_column column_width_percent=&#8221;100&#8243; position_vertical=&#8221;middle&#8221; gutter_size=&#8221;3&#8243; style=&#8221;light&#8221; overlay_alpha=&#8221;50&#8243; shift_x=&#8221;0&#8243; shift_y=&#8221;0&#8243; shift_y_down=&#8221;0&#8243; z_index=&#8221;0&#8243; medium_width=&#8221;0&#8243; mobile_width=&#8221;0&#8243; width=&#8221;1\/1&#8243; uncode_shortcode_id=&#8221;115332&#8243;]\n<div class=\"wpcf7 no-js\" id=\"wpcf7-f112259-o1\" lang=\"sq-AL\" dir=\"ltr\" data-wpcf7-id=\"112259\">\n<div class=\"screen-reader-response\"><p role=\"status\" aria-live=\"polite\" aria-atomic=\"true\"><\/p> <ul><\/ul><\/div>\n<form action=\"\/sq\/wp-json\/wp\/v2\/pages\/112205#wpcf7-f112259-o1\" method=\"post\" class=\"wpcf7-form init\" aria-label=\"Contact form\" novalidate=\"novalidate\" data-status=\"init\">\n<fieldset class=\"hidden-fields-container\"><input type=\"hidden\" name=\"_wpcf7\" value=\"112259\" \/><input type=\"hidden\" name=\"_wpcf7_version\" value=\"6.1.5\" \/><input type=\"hidden\" name=\"_wpcf7_locale\" value=\"sq_AL\" \/><input type=\"hidden\" name=\"_wpcf7_unit_tag\" value=\"wpcf7-f112259-o1\" \/><input type=\"hidden\" name=\"_wpcf7_container_post\" value=\"0\" \/><input type=\"hidden\" name=\"_wpcf7_posted_data_hash\" value=\"\" \/>\n<\/fieldset>\n<p><label for=\"bewerbung\">Un\u00eb aplikoj si<\/label><span class=\"wpcf7-form-control-wrap\" data-name=\"menu-640\"><select class=\"wpcf7-form-control wpcf7-select form-fluid\" aria-invalid=\"false\" name=\"menu-640\"><option value=\"Profesionist\/e e\/i p\u00ebrkujdesjes\">Profesionist\/e e\/i p\u00ebrkujdesjes<\/option><option value=\"Ndihm\u00ebs\/e e\/i p\u00ebrkujdesjes\">Ndihm\u00ebs\/e e\/i p\u00ebrkujdesjes<\/option><option value=\"Edukator\/e\">Edukator\/e<\/option><\/select><\/span>\n<\/p>\n<div class=\"wpcf7-inline-wrapper\">\n\t<p class=\"wpcf7-inline-field\"><label for=\"last-name\">Mbiemri*<\/label><span class=\"wpcf7-form-control-wrap\" data-name=\"your-lastname\"><input size=\"40\" maxlength=\"400\" class=\"wpcf7-form-control wpcf7-text wpcf7-validates-as-required\" aria-required=\"true\" aria-invalid=\"false\" placeholder=\"Mbiemri*\" value=\"\" type=\"text\" name=\"your-lastname\" \/><\/span>\n\t<\/p>\n\t<p class=\"wpcf7-inline-field\"><label for=\"first-name\">Emri*<\/label><span class=\"wpcf7-form-control-wrap\" data-name=\"your-firstname\"><input size=\"40\" maxlength=\"400\" class=\"wpcf7-form-control wpcf7-text wpcf7-validates-as-required\" aria-required=\"true\" aria-invalid=\"false\" placeholder=\"Emri*\" value=\"\" type=\"text\" name=\"your-firstname\" \/><\/span>\n\t<\/p>\n<\/div>\n<div class=\"wpcf7-inline-wrapper\">\n\t<p class=\"wpcf7-inline-field\"><label for=\"Geburtsdatum\">Data e lindjes*<\/label><span class=\"wpcf7-form-control-wrap\" data-name=\"Geburtsdatum\"><input class=\"wpcf7-form-control wpcf7-date wpcf7-validates-as-required wpcf7-validates-as-date\" aria-required=\"true\" aria-invalid=\"false\" placeholder=\"\" value=\"\" type=\"date\" name=\"Geburtsdatum\" \/><\/span>\n\t<\/p>\n\t<p class=\"wpcf7-inline-field\"><label for=\"Nationalit\u00e4t\">Shtet\u00ebsia<\/label><span class=\"wpcf7-form-control-wrap\" data-name=\"your-nationality\"><input size=\"40\" maxlength=\"400\" class=\"wpcf7-form-control wpcf7-text wpcf7-validates-as-required\" aria-required=\"true\" aria-invalid=\"false\" placeholder=\"Shtet\u00ebsia\" value=\"\" type=\"text\" name=\"your-nationality\" \/><\/span>\n\t<\/p>\n<\/div>\n<p class=\"wpcf7-inline-wide\"><label for=\"Adresse\">Adresa<\/label><span class=\"wpcf7-form-control-wrap\" data-name=\"your-adress\"><input size=\"40\" maxlength=\"400\" class=\"wpcf7-form-control wpcf7-text wpcf7-validates-as-required\" aria-required=\"true\" aria-invalid=\"false\" placeholder=\"Adresa*\" value=\"\" type=\"text\" name=\"your-adress\" \/><\/span>\n<\/p>\n<p class=\"wpcf7-inline-wide\"><label for=\"Ausbildung\">Shkollimi i deritanish\u00ebm<\/label><span class=\"wpcf7-form-control-wrap\" data-name=\"your-occupation\"><input size=\"40\" maxlength=\"400\" class=\"wpcf7-form-control wpcf7-text wpcf7-validates-as-required\" aria-required=\"true\" aria-invalid=\"false\" placeholder=\"Shkollimi i deritanish\u00ebm\" value=\"\" type=\"text\" name=\"your-occupation\" \/><\/span>\n<\/p>\n<p class=\"wpcf7-inline-field\"><label for=\"Sprachkenntnisse\">Niveli i gjermanishtes: <\/label><span class=\"wpcf7-form-control-wrap\" data-name=\"Sprachkenntnisse\"><span class=\"wpcf7-form-control wpcf7-radio\"><span class=\"wpcf7-list-item first\"><span class=\"wpcf7-list-item-label\">nuk kam<\/span><input type=\"radio\" name=\"Sprachkenntnisse\" value=\"nuk kam\" checked=\"checked\" \/><\/span><span class=\"wpcf7-list-item\"><span class=\"wpcf7-list-item-label\">pak<\/span><input type=\"radio\" name=\"Sprachkenntnisse\" value=\"pak\" \/><\/span><span class=\"wpcf7-list-item\"><span class=\"wpcf7-list-item-label\">mir\u00eb<\/span><input type=\"radio\" name=\"Sprachkenntnisse\" value=\"mir\u00eb\" \/><\/span><span class=\"wpcf7-list-item last\"><span class=\"wpcf7-list-item-label\">shum\u00eb mir\u00eb<\/span><input type=\"radio\" name=\"Sprachkenntnisse\" value=\"shum\u00eb mir\u00eb\" \/><\/span><\/span><\/span>\n<\/p>\n<p class=\"wpcf7-inline-wide\"><label for=\"email*\">Email<\/label><span class=\"wpcf7-form-control-wrap\" data-name=\"your-email\"><input size=\"40\" maxlength=\"400\" class=\"wpcf7-form-control wpcf7-email wpcf7-validates-as-required wpcf7-text wpcf7-validates-as-email\" aria-required=\"true\" aria-invalid=\"false\" placeholder=\"Email*\" value=\"\" type=\"email\" name=\"your-email\" \/><\/span>\n<\/p>\n<p><span class=\"wpcf7-form-control-wrap\" data-name=\"acceptance-380\"><span class=\"wpcf7-form-control wpcf7-acceptance\"><span class=\"wpcf7-list-item\"><label><input type=\"checkbox\" name=\"acceptance-380\" value=\"1\" aria-invalid=\"false\" \/><span class=\"wpcf7-list-item-label\">Un\u00eb kam lexuar\u00a0<a href=\"\/sq\/datenschutzerklaerung\/\">Deklarat\u00ebn p\u00ebr Mbrojtjen e t\u00eb Dh\u00ebnave<\/a> Jam dakord q\u00eb t\u00eb dh\u00ebnat e mia t\u00eb p\u00ebrdoren dhe t\u00eb ruhen n\u00eb m\u00ebnyr\u00eb elektronike p\u00ebr t\u00eb marr\u00eb p\u00ebrgjigje ndaj k\u00ebrkes\u00ebs sime.<\/span><\/label><\/span><\/span><\/span>\n<\/p>\n<p><input class=\"wpcf7-form-control wpcf7-submit has-spinner btn btn-accent btn-block btn-lg\" type=\"submit\" value=\"aplikoni tani\" \/>\n<\/p><div class=\"wpcf7-response-output\" aria-hidden=\"true\"><\/div>\n<\/form>\n<\/div>\n[\/vc_column][\/vc_row][vc_row][vc_column width=&#8221;1\/1&#8243;][\/vc_column][\/vc_row]<\/p>\n<\/div>","protected":false},"excerpt":{"rendered":"<p>[vc_row unlock_row_content=&#8221;yes&#8221; row_height_percent=&#8221;0&#8243; override_padding=&#8221;yes&#8221; h_padding=&#8221;2&#8243; top_padding=&#8221;5&#8243; bottom_padding=&#8221;2&#8243; back_color=&#8221;color-xsdn&#8221; overlay_alpha=&#8221;50&#8243; gutter_size=&#8221;3&#8243; column_width_percent=&#8221;100&#8243; border_color=&#8221;color-gyho&#8221; border_style=&#8221;solid&#8221; shift_y=&#8221;0&#8243; z_index=&#8221;0&#8243; css=&#8221;.vc_custom_1663689156629{border-top-width: 1px !important;}&#8221; uncode_shortcode_id=&#8221;147319&#8243; back_color_type=&#8221;uncode-palette&#8221; [&hellip;]<\/p>\n","protected":false},"author":1,"featured_media":0,"parent":0,"menu_order":0,"comment_status":"closed","ping_status":"closed","template":"","meta":{"footnotes":""},"class_list":["post-112205","page","type-page","status-publish","hentry"],"_links":{"self":[{"href":"https:\/\/arche-works.de\/sq\/wp-json\/wp\/v2\/pages\/112205","targetHints":{"allow":["GET"]}}],"collection":[{"href":"https:\/\/arche-works.de\/sq\/wp-json\/wp\/v2\/pages"}],"about":[{"href":"https:\/\/arche-works.de\/sq\/wp-json\/wp\/v2\/types\/page"}],"author":[{"embeddable":true,"href":"https:\/\/arche-works.de\/sq\/wp-json\/wp\/v2\/users\/1"}],"replies":[{"embeddable":true,"href":"https:\/\/arche-works.de\/sq\/wp-json\/wp\/v2\/comments?post=112205"}],"version-history":[{"count":2,"href":"https:\/\/arche-works.de\/sq\/wp-json\/wp\/v2\/pages\/112205\/revisions"}],"predecessor-version":[{"id":112207,"href":"https:\/\/arche-works.de\/sq\/wp-json\/wp\/v2\/pages\/112205\/revisions\/112207"}],"wp:attachment":[{"href":"https:\/\/arche-works.de\/sq\/wp-json\/wp\/v2\/media?parent=112205"}],"curies":[{"name":"wp","href":"https:\/\/api.w.org\/{rel}","templated":true}]}}