{"id":112219,"date":"2023-02-09T21:03:10","date_gmt":"2023-02-09T20:03:10","guid":{"rendered":"https:\/\/arche-works.de\/filozofia-jone-2\/"},"modified":"2024-03-12T12:19:04","modified_gmt":"2024-03-12T11:19:04","slug":"filozofia-jone-2","status":"publish","type":"page","link":"https:\/\/arche-works.de\/sq\/filozofia-jone-2\/","title":{"rendered":"Filozofia jon\u00eb"},"content":{"rendered":"<div class=\"wpb-content-wrapper\"><p>[vc_row row_height_percent=&#8221;0&#8243; override_padding=&#8221;yes&#8221; h_padding=&#8221;2&#8243; top_padding=&#8221;4&#8243; bottom_padding=&#8221;0&#8243; back_color=&#8221;color-xsdn&#8221; overlay_alpha=&#8221;50&#8243; equal_height=&#8221;yes&#8221; gutter_size=&#8221;4&#8243; column_width_percent=&#8221;100&#8243; shift_y=&#8221;0&#8243; z_index=&#8221;1&#8243; top_divider=&#8221;step_1_2&#8243; uncode_shortcode_id=&#8221;116427&#8243; back_color_type=&#8221;uncode-palette&#8221;][vc_column column_width_percent=&#8221;100&#8243; gutter_size=&#8221;4&#8243; overlay_alpha=&#8221;50&#8243; shift_x=&#8221;0&#8243; shift_y=&#8221;0&#8243; shift_y_down=&#8221;0&#8243; z_index=&#8221;0&#8243; align_medium=&#8221;align_center_tablet&#8221; medium_width=&#8221;0&#8243; align_mobile=&#8221;align_center_mobile&#8221; mobile_width=&#8221;0&#8243; parallax_intensity=&#8221;2&#8243; width=&#8221;1\/1&#8243; uncode_shortcode_id=&#8221;122516&#8243;][vc_row_inner row_inner_height_percent=&#8221;0&#8243; overlay_alpha=&#8221;50&#8243; gutter_size=&#8221;4&#8243; shift_y=&#8221;0&#8243; z_index=&#8221;0&#8243; limit_content=&#8221;&#8221;][vc_column_inner column_width_percent=&#8221;100&#8243; gutter_size=&#8221;3&#8243; overlay_alpha=&#8221;50&#8243; shift_x=&#8221;0&#8243; shift_y=&#8221;0&#8243; shift_y_down=&#8221;0&#8243; z_index=&#8221;0&#8243; medium_width=&#8221;3&#8243; mobile_width=&#8221;0&#8243; width=&#8221;3\/12&#8243; uncode_shortcode_id=&#8221;107052&#8243;][vc_single_image media=&#8221;110549&#8243; media_width_percent=&#8221;100&#8243; uncode_shortcode_id=&#8221;130173&#8243;][\/vc_column_inner][vc_column_inner column_width_percent=&#8221;100&#8243; gutter_size=&#8221;4&#8243; overlay_alpha=&#8221;50&#8243; shift_x=&#8221;0&#8243; shift_y=&#8221;0&#8243; shift_y_down=&#8221;0&#8243; z_index=&#8221;0&#8243; medium_width=&#8221;5&#8243; mobile_width=&#8221;0&#8243; width=&#8221;9\/12&#8243; uncode_shortcode_id=&#8221;202189&#8243;][vc_custom_heading heading_semantic=&#8221;h1&#8243; text_font=&#8221;font-377884&#8243; text_weight=&#8221;400&#8243; uncode_shortcode_id=&#8221;117092&#8243; subheading=&#8221;(Gjendja: 1 shkurt 2023, p\u00ebrdit\u00ebsimi b\u00ebhet \u00e7do vit)&#8221;]Parimet e nd\u00ebrmarrjes Arche Teach and Work International gGmbH p\u00ebr nd\u00ebrmjet\u00ebsimin e profesionist\u00ebve nd\u00ebrkomb\u00ebtar\u00eb[\/vc_custom_heading][\/vc_column_inner][\/vc_row_inner][uncode_vertical_text text_align=&#8221;top&#8221; vertical_text_h_pos=&#8221;-4&#8243; vertical_text_v_pos=&#8221;0&#8243; z_index=&#8221;0&#8243; text_font=&#8221;font-613363&#8243; text_size=&#8221;h6&#8243; text_transform=&#8221;uppercase&#8221; text_space=&#8221;fontspace-135905&#8243; mobile_visibility=&#8221;yes&#8221; uncode_shortcode_id=&#8221;103773&#8243;]\u2e3b Unsere Philosophie[\/uncode_vertical_text][\/vc_column][\/vc_row][vc_row unlock_row=&#8221;&#8221; row_height_percent=&#8221;0&#8243; override_padding=&#8221;yes&#8221; h_padding=&#8221;2&#8243; top_padding=&#8221;3&#8243; bottom_padding=&#8221;0&#8243; overlay_alpha=&#8221;80&#8243; equal_height=&#8221;yes&#8221; gutter_size=&#8221;4&#8243; column_width_percent=&#8221;100&#8243; shift_y=&#8221;0&#8243; z_index=&#8221;0&#8243; uncode_shortcode_id=&#8221;317135&#8243;][vc_column column_width_percent=&#8221;100&#8243; position_vertical=&#8221;middle&#8221; align_horizontal=&#8221;align_center&#8221; gutter_size=&#8221;3&#8243; style=&#8221;light&#8221; overlay_alpha=&#8221;50&#8243; shift_x=&#8221;0&#8243; shift_y=&#8221;0&#8243; shift_y_down=&#8221;0&#8243; z_index=&#8221;0&#8243; medium_width=&#8221;0&#8243; mobile_width=&#8221;0&#8243; width=&#8221;1\/6&#8243; uncode_shortcode_id=&#8221;169970&#8243;][\/vc_column][vc_column width=&#8221;4\/6&#8243;][vc_custom_heading heading_semantic=&#8221;h1&#8243; text_font=&#8221;font-377884&#8243; text_size=&#8221;h3&#8243; text_weight=&#8221;400&#8243; text_height=&#8221;fontheight-357766&#8243; text_space=&#8221;fontspace-781688&#8243; css_animation=&#8221;curtain&#8221; animation_speed=&#8221;1000&#8243; interval_animation=&#8221;100&#8243; uncode_shortcode_id=&#8221;207039&#8243; text_color_type=&#8221;uncode-palette&#8221; text_color_solid=&#8221;#ff0000&#8243; subheading=&#8221;&quot;Arche Teach and Work International gGmbH&quot; \u00ebsht\u00eb pjes\u00eb e Diakonis\u00eb dhe ka si q\u00ebllim zhvillimin m\u00eb t\u00eb mir\u00eb t\u00eb talenteve t\u00eb t\u00eb rinjve p\u00ebrmes arsimimit t\u00eb tyre profesional dhe shkollor. Arche TWI drejton shkolla t\u00eb ndryshme t\u00eb shkollimit t\u00eb p\u00ebrgjithsh\u00ebm dhe profesional dhe angazhohet n\u00eb arsimimin profesional n\u00eb kontekstin nd\u00ebrkomb\u00ebtar.  Si qend\u00ebr arsimore e t\u00ebr\u00eb rrjetit social Arche, Arche TWI mban institucionet e rrjetit social (ndihma p\u00ebr f\u00ebmij\u00ebt dhe t\u00eb rinjt\u00eb, ndihma n\u00eb profesion, ndihma p\u00ebr persona me aft\u00ebsi t\u00eb kufizuar dhe ndihma p\u00ebr t\u00eb moshuarit) me praktikant\u00eb dhe gjithmon\u00eb e m\u00eb shum\u00eb me specialist\u00eb nga jasht\u00eb vendit, t\u00eb cil\u00ebt n\u00eb rast nevoje kualifikohen p\u00ebrmes Akademis\u00eb Arche Bayern p\u00ebr t\u00eb marr\u00eb njohjen si profesionist\u00eb n\u00eb Gjermani. P\u00ebr k\u00ebt\u00eb q\u00ebllim \u00ebsht\u00eb themeluar departamenti Arche #Works, i cili ka p\u00ebr detyr\u00eb t\u00eb siguroj\u00eb talente t\u00eb interesuara dhe t\u00eb p\u00ebrshtatshme nga jasht\u00eb vendit p\u00ebr pun\u00eb t\u00eb p\u00ebrhershme n\u00eb sht\u00ebpit\u00eb e kujdesit n\u00eb Gjermani, t\u00eb p\u00ebrgatit\u00eb dhe trajnoj\u00eb ata p\u00ebr k\u00ebt\u00eb q\u00ebllim. Ne i kushtojm\u00eb r\u00ebnd\u00ebsi t\u00eb madhe q\u00eb punonj\u00ebsit tan\u00eb t\u00eb ndihen mir\u00eb. Prandaj jemi t\u00eb angazhuar n\u00eb rrjetet e ndryshme dhe b\u00ebjm\u00eb p\u00ebrpjekje p\u00ebr t\u00eb p\u00ebrmir\u00ebsuar sh\u00ebrbimet tona \u00e7do dit\u00eb. Si an\u00ebtar i \u201cDiakonie Bayern\u201d, jemi t\u00eb p\u00ebrkushtuar ndaj figur\u00ebs njer\u00ebzore humaniste t\u00eb krishter\u00eb. Kjo do t\u00eb thot\u00eb: N\u00eb qend\u00ebr t\u00eb p\u00ebrpjekjeve tona gjithmon\u00eb ndodhet njeriu dhe nevojat e tij.  N\u00eb kuad\u00ebr t\u00eb veprimtaris\u00eb son\u00eb si agjenci p\u00ebr rekrutimin e personelit, ne kemi nj\u00eb p\u00ebrkushtim ndaj parimeve t\u00eb nj\u00eb praktike rekrutimi dhe nd\u00ebrmjet\u00ebsimi t\u00eb drejt\u00eb, etike, duke respektuar ligjet komb\u00ebtare dhe nd\u00ebrkomb\u00ebtare dhe konventat dhe udh\u00ebzimet q\u00eb vijojn\u00eb m\u00eb pas.&#8221;]<span class=\"heading-text-highlight \" data-atts='{\"bg\":\"style-color-935218-bg\",\"height\":\"5%\",\"offset\":\"0.2em\",\"opacity\":\"1\",\"animated\":\"yes\"}'><br \/>\nParath\u00ebnie<\/span>[\/vc_custom_heading][\/vc_column][vc_column width=&#8221;1\/6&#8243;][\/vc_column][\/vc_row][vc_row row_height_percent=&#8221;0&#8243; override_padding=&#8221;yes&#8221; h_padding=&#8221;2&#8243; top_padding=&#8221;2&#8243; bottom_padding=&#8221;5&#8243; overlay_alpha=&#8221;50&#8243; gutter_size=&#8221;4&#8243; column_width_percent=&#8221;100&#8243; shift_y=&#8221;0&#8243; z_index=&#8221;0&#8243; row_name=&#8221;Events&#8221; uncode_shortcode_id=&#8221;333909&#8243;][vc_column column_width_percent=&#8221;100&#8243; gutter_size=&#8221;3&#8243; overlay_alpha=&#8221;50&#8243; shift_x=&#8221;0&#8243; shift_y=&#8221;0&#8243; shift_y_down=&#8221;0&#8243; z_index=&#8221;0&#8243; medium_width=&#8221;0&#8243; mobile_width=&#8221;0&#8243; parallax_intensity=&#8221;2&#8243; width=&#8221;1\/1&#8243; uncode_shortcode_id=&#8221;753437&#8243;][vc_row_inner row_inner_height_percent=&#8221;0&#8243; overlay_alpha=&#8221;50&#8243; equal_height=&#8221;yes&#8221; gutter_size=&#8221;4&#8243; shift_y=&#8221;0&#8243; z_index=&#8221;0&#8243; limit_content=&#8221;&#8221;][vc_column_inner column_width_percent=&#8221;100&#8243; position_vertical=&#8221;middle&#8221; gutter_size=&#8221;2&#8243; overlay_alpha=&#8221;50&#8243; shift_x=&#8221;0&#8243; shift_y=&#8221;0&#8243; shift_y_down=&#8221;0&#8243; z_index=&#8221;0&#8243; medium_width=&#8221;3&#8243; mobile_width=&#8221;0&#8243; width=&#8221;1\/1&#8243; uncode_shortcode_id=&#8221;175878&#8243;][vc_custom_heading heading_semantic=&#8221;p&#8221; text_font=&#8221;font-377884&#8243; text_size=&#8221;h3&#8243; text_weight=&#8221;400&#8243; text_height=&#8221;fontheight-524109&#8243; uncode_shortcode_id=&#8221;291875&#8243;]Neni 1 Rekrutimi i drejt\u00eb dhe etik[\/vc_custom_heading][vc_column_text uncode_shortcode_id=&#8221;518309&#8243;]Arche #Works ka kujdes n\u00eb veprimtarin\u00eb e nd\u00ebrmjet\u00ebsimit t\u00eb saj q\u00eb gjat\u00eb k\u00ebsaj pune dhe n\u00eb kontratat me pun\u00ebdh\u00ebn\u00ebsit e ardhsh\u00ebm t\u00eb respektohen t\u00eb gjitha kushtet ligjore, ve\u00e7an\u00ebrisht t\u00eb drejtat e pun\u00ebs, sociale dhe t\u00eb q\u00ebndrimit n\u00eb Gjermani. Ne i informojm\u00eb detajisht individ\u00ebt q\u00eb nd\u00ebrmjet\u00ebsojm\u00eb mbi rregullat dhe kushtet q\u00eb jan\u00eb n\u00eb fuqi n\u00eb Gjermani dhe i p\u00ebrcjellim personalisht gjat\u00eb gjith\u00eb procesit t\u00eb rekrutimit, nga aplikimi deri te finalizimi i kontrat\u00ebs s\u00eb pun\u00ebs ose n\u00eb rast nevoje edhe p\u00ebr kualifikime shtes\u00eb. Ne kujdesemi p\u00ebr nj\u00eb koncept integrimi dhe orientimi t\u00eb p\u00ebrshtatsh\u00ebm t\u00eb pun\u00ebdh\u00ebn\u00ebsve t\u00eb ardhsh\u00ebm dhe i mb\u00ebshtesim ata gjithashtu me informacione dhe trajnime. Ne gjithashtu kujdesemi p\u00ebr nj\u00eb mund\u00ebsi banimi t\u00eb p\u00ebrshtatsh\u00ebm dhe ndihmojm\u00eb kandidat\u00ebt n\u00eb t\u00eb gjitha procedurat e nevojshme administrative, respektivisht gjat\u00eb integrimit n\u00eb mjedisin e tyre t\u00eb ardhsh\u00ebm privat. Nga ana e Arche #Works kemi persona kontaktues. Po ashtu b\u00ebjm\u00eb p\u00ebrpjekje q\u00eb edhe n\u00eb mjedisin e ardhsh\u00ebm t\u00eb pun\u00ebs t\u00eb keni persona kontaktues. Ne i mb\u00ebshtesim kandidat\u00ebt q\u00eb rekrutojm\u00eb edhe n\u00eb situata konflikti dhe kujdesemi q\u00eb ata t\u00eb ken\u00eb nj\u00eb jet\u00eb t\u00eb vet\u00eb-vendosur n\u00eb Gjermani duke respektuar t\u00eb drejtat e tyre t\u00eb personalitetit.<\/p>\n<p>Arche #Works do t\u00eb kujdeset ve\u00e7an\u00ebrisht p\u00ebr rekrutimin e profesionist\u00ebve t\u00eb kualifikuar, q\u00eb shtetit prej t\u00eb cilit vijn\u00eb ata t\u00eb mos i shkaktohet d\u00ebmtim p\u00ebrmes largimit t\u00eb profesionist\u00ebve t\u00eb nevojsh\u00ebm brenda vendit. Ne nuk do t\u00eb kryejm\u00eb rekrutime aktive n\u00eb vende me munges\u00eb profesionist\u00ebsh n\u00eb fush\u00ebn e kujdesit sh\u00ebndet\u00ebsor. P\u00ebrkundrazi, ne b\u00ebjm\u00eb p\u00ebrpjekje n\u00eb vende me papun\u00ebsi t\u00eb lart\u00eb t\u00eb rinis\u00eb duke ofruar nj\u00eb trajnim n\u00eb Gjermani p\u00ebr t\u00eb kualifikuar punonj\u00ebs t\u00eb aft\u00eb, t\u00eb cil\u00ebt n\u00eb shum\u00eb raste pas disa vitesh kthehen p\u00ebrs\u00ebri n\u00eb vendet e tyre.[\/vc_column_text][\/vc_column_inner][\/vc_row_inner][vc_row_inner row_inner_height_percent=&#8221;0&#8243; overlay_alpha=&#8221;50&#8243; equal_height=&#8221;yes&#8221; gutter_size=&#8221;4&#8243; shift_y=&#8221;0&#8243; z_index=&#8221;0&#8243; limit_content=&#8221;&#8221;][vc_column_inner column_width_percent=&#8221;100&#8243; position_vertical=&#8221;middle&#8221; gutter_size=&#8221;2&#8243; overlay_alpha=&#8221;50&#8243; shift_x=&#8221;0&#8243; shift_y=&#8221;0&#8243; shift_y_down=&#8221;0&#8243; z_index=&#8221;0&#8243; medium_width=&#8221;3&#8243; mobile_width=&#8221;0&#8243; width=&#8221;1\/1&#8243; uncode_shortcode_id=&#8221;175878&#8243;][vc_custom_heading heading_semantic=&#8221;p&#8221; text_font=&#8221;font-377884&#8243; text_size=&#8221;h3&#8243; text_weight=&#8221;400&#8243; text_height=&#8221;fontheight-524109&#8243; uncode_shortcode_id=&#8221;123319&#8243;]Neni 2 Q\u00ebndrim rreth Kodit t\u00eb Sjelljes t\u00eb Organizat\u00ebs Bot\u00ebrore t\u00eb Sh\u00ebndet\u00ebsis\u00eb (WHO) p\u00ebr Rekrutimin Nd\u00ebrkomb\u00ebtar t\u00eb Profesionist\u00ebve Sh\u00ebndet\u00ebsor\u00eb (1)[\/vc_custom_heading][vc_column_text uncode_shortcode_id=&#8221;168633&#8243;]N\u00eb Nenin 3 t\u00eb Kodit t\u00eb Sjelljes, parashikohen parimet kryesore q\u00eb Arche #Works i mb\u00ebshtet plot\u00ebsisht.  P\u00ebrve\u00e7 t\u00eb tjerash, Neni 3.2 paraqet udh\u00ebzimet q\u00eb duhen respektuar gjat\u00eb nd\u00ebrmjet\u00ebsimit nd\u00ebrkomb\u00ebtar t\u00eb profesionist\u00ebve sh\u00ebndet\u00ebsor\u00eb:<\/p>\n<p>\u201cP\u00ebr mbrojtjen e sh\u00ebndetit global, \u00ebsht\u00eb e r\u00ebnd\u00ebsishme t\u00eb trajtohet sfida e munges\u00ebs s\u00eb tashme dhe t\u00eb s\u00eb ardhmes t\u00eb profesionist\u00ebve t\u00eb sh\u00ebndet\u00ebsor\u00eb.<\/p>\n<p> Migrimi nd\u00ebrkomb\u00ebtar i profesionist\u00ebve sh\u00ebndet\u00ebsor\u00eb mund t\u00eb kontribuoj\u00eb n\u00eb zgjerimin dhe p\u00ebrmir\u00ebsimin e sistemeve sh\u00ebndet\u00ebsore, n\u00ebse rekrutimi kryhet me korrekt\u00ebsi. Megjithat\u00eb, \u00ebsht\u00eb e d\u00ebshirueshme q\u00eb t\u00eb p\u00ebrcaktohen parime nd\u00ebrkomb\u00ebtare vullnetare dhe t\u00eb koordinohen qasje politike komb\u00ebtare p\u00ebr rekrutimin nd\u00ebrkomb\u00ebtar t\u00eb profesionist\u00ebve sh\u00ebndet\u00ebsor\u00eb, p\u00ebr t\u00eb avancuar strukturat p\u00ebr nj\u00eb p\u00ebrmir\u00ebsim t\u00eb drejt\u00eb t\u00eb sistemeve sh\u00ebndet\u00ebsore n\u00eb mbar\u00eb bot\u00ebn, p\u00ebr t\u00eb zvog\u00ebluar ndikimin negativ t\u00eb migrimit t\u00eb profesionist\u00ebve t\u00eb sh\u00ebndetit n\u00eb sistemet sh\u00ebndet\u00ebsore t\u00eb vendeve n\u00eb zhvillim dhe p\u00ebr t\u00eb mbrojtur t\u00eb drejtat e profesionist\u00ebve sh\u00ebndet\u00ebsor\u00eb.\u201d<\/p>\n<p>Si nj\u00eb grup interesash sipas Nenit 2.1 t\u00eb Kodit t\u00eb Sjelljes, ne ve\u00e7an\u00ebrisht mb\u00ebshtesim parimet e shprehura n\u00eb Nenin 3.5, q\u00eb p\u00ebrfshijn\u00eb transparenc\u00ebn, drejt\u00ebsin\u00eb dhe promovimin e q\u00ebndrueshm\u00ebris\u00eb s\u00eb sistemeve sh\u00ebndet\u00ebsore n\u00eb vende n\u00eb zhvillim, si dhe parimet e p\u00ebrmendura n\u00eb Nenin 4 p\u00ebr nj\u00eb rekrutim t\u00eb drejt\u00eb dhe transparent, duke marr\u00eb parasysh p\u00ebrgjegj\u00ebsit\u00eb ekzistuese t\u00eb profesionist\u00ebve sh\u00ebndet\u00ebsor\u00eb n\u00eb vendet e tyre t\u00eb origjin\u00ebs, p\u00ebr kontrata t\u00eb kufizuara ose t\u00eb pa kufizuar.[\/vc_column_text][\/vc_column_inner][\/vc_row_inner][vc_row_inner row_inner_height_percent=&#8221;0&#8243; overlay_alpha=&#8221;50&#8243; equal_height=&#8221;yes&#8221; gutter_size=&#8221;4&#8243; shift_y=&#8221;0&#8243; z_index=&#8221;0&#8243; limit_content=&#8221;&#8221;][vc_column_inner column_width_percent=&#8221;100&#8243; position_vertical=&#8221;middle&#8221; gutter_size=&#8221;2&#8243; overlay_alpha=&#8221;50&#8243; shift_x=&#8221;0&#8243; shift_y=&#8221;0&#8243; shift_y_down=&#8221;0&#8243; z_index=&#8221;0&#8243; medium_width=&#8221;3&#8243; mobile_width=&#8221;0&#8243; width=&#8221;1\/1&#8243; uncode_shortcode_id=&#8221;175878&#8243;][vc_custom_heading heading_semantic=&#8221;p&#8221; text_font=&#8221;font-377884&#8243; text_size=&#8221;h3&#8243; text_weight=&#8221;400&#8243; text_height=&#8221;fontheight-524109&#8243; uncode_shortcode_id=&#8221;117201&#8243;]Neni 3 Q\u00ebndrim p\u00ebr procesin e aplikimit falas p\u00ebr aplikuesin (\u201cPun\u00ebdh\u00ebn\u00ebsi paguan\u201d)[\/vc_custom_heading][vc_column_text uncode_shortcode_id=&#8221;219773&#8243;]Arche #Works nuk i faturon aplikuesve asnj\u00eb kosto p\u00ebr nd\u00ebrmjet\u00ebsimin. T\u00eb gjitha koston jan\u00eb t\u00eb mbuluara nga pun\u00ebdh\u00ebn\u00ebsit e ardhsh\u00ebm, si\u00e7 \u00ebsht\u00eb r\u00ebn\u00eb dakord n\u00eb kontratat e nd\u00ebrmjet\u00ebsimit me pun\u00ebdh\u00ebn\u00ebsit potencial\u00eb. Kjo p\u00ebrfshin ve\u00e7an\u00ebrisht taksat, p\u00ebrkthimet, kurset e gjuh\u00ebs dhe koston e udh\u00ebtimit.<\/p>\n<p>Klausola q\u00eb parashohin kthimin e shpenzimeve n\u00eb rast se pun\u00ebmarr\u00ebsi nd\u00ebrpret kontrat\u00ebn, si p.sh. shpenzimet e migrimit, nd\u00ebrmjet\u00ebsimit apo kualifikimit jan\u00eb t\u00eb mundshme vet\u00ebm brenda ligjit gjerman t\u00eb pun\u00ebs. Arche #Works e siguron k\u00ebt\u00eb me marr\u00ebveshjet e p\u00ebrshtatshme n\u00eb kontratat me pun\u00ebdh\u00ebn\u00ebsit e ardhsh\u00ebm dhe partner\u00ebt e tjer\u00eb t\u00eb bashk\u00ebpunimit dhe monitoron zbatimin e k\u00ebtyre marr\u00ebveshjeve.[\/vc_column_text][\/vc_column_inner][\/vc_row_inner][vc_row_inner row_inner_height_percent=&#8221;0&#8243; overlay_alpha=&#8221;50&#8243; equal_height=&#8221;yes&#8221; gutter_size=&#8221;4&#8243; shift_y=&#8221;0&#8243; z_index=&#8221;0&#8243; limit_content=&#8221;&#8221;][vc_column_inner column_width_percent=&#8221;100&#8243; position_vertical=&#8221;middle&#8221; gutter_size=&#8221;2&#8243; overlay_alpha=&#8221;50&#8243; shift_x=&#8221;0&#8243; shift_y=&#8221;0&#8243; shift_y_down=&#8221;0&#8243; z_index=&#8221;0&#8243; medium_width=&#8221;3&#8243; mobile_width=&#8221;0&#8243; width=&#8221;1\/1&#8243; uncode_shortcode_id=&#8221;175878&#8243;][vc_custom_heading heading_semantic=&#8221;p&#8221; text_font=&#8221;font-377884&#8243; text_size=&#8221;h3&#8243; text_weight=&#8221;400&#8243; text_height=&#8221;fontheight-524109&#8243; uncode_shortcode_id=&#8221;145007&#8243;]Neni 4 Q\u00ebndrim p\u00ebr Respektimin e t\u00eb Drejtave t\u00eb Aplikuesve Nd\u00ebrkomb\u00ebtar\u00eb sipas Konventave dhe Standardeve Nd\u00ebrkomb\u00ebtare[\/vc_custom_heading][vc_column_text uncode_shortcode_id=&#8221;708038&#8243;]Parimet e kompanis\u00eb son\u00eb gjithashtu bazohen n\u00eb konventat dhe standardet nd\u00ebrkomb\u00ebtare p\u00ebr mbrojtjen e t\u00eb drejtave t\u00eb pun\u00ebsimit n\u00eb kontekstin e nd\u00ebrmjet\u00ebsimit nd\u00ebrkomb\u00ebtar.<\/p>\n<p>K\u00ebtu p\u00ebrfshihen konventat nd\u00ebrkomb\u00ebtare t\u00eb t\u00eb drejtave t\u00eb njeriut si Pakti Nd\u00ebrkomb\u00ebtar mbi t\u00eb Drejtat Civile dhe Politike, si dhe Pakti Nd\u00ebrkomb\u00ebtar mbi t\u00eb Drejtat Ekonomike, Sociale dhe Kulturore, t\u00eb dyja m\u00eb 16 dhjetor 1966, s\u00eb bashku me protokollet opsionale t\u00eb tyre t\u00eb datave 16 dhjetor 1966, 15 dhjetor 1989 dhe 10 dhjetor 2008 (2).<\/p>\n<p>Ne gjithashtu orientohemi nga Deklarata e Organizat\u00ebs Nd\u00ebrkomb\u00ebtare t\u00eb Pun\u00ebs (ILO) p\u00ebr parimet dhe t\u00eb drejtat themelore n\u00eb pun\u00eb nga qershori 1998, si dhe nga parimet e tyre t\u00eb p\u00ebrgjithshme dhe udh\u00ebzimet operative p\u00ebr nj\u00eb rekrutim t\u00eb drejt\u00eb dhe nga Iniciativa p\u00ebr Rekrutim t\u00eb Drejt\u00eb (FRI) e ILO-s (3).<\/p>\n<p>Ne gjithashtu ndjekim sugjerimet e Organizat\u00ebs Nd\u00ebrkomb\u00ebtare t\u00eb Migracionit (IOM) p\u00ebr kushtet dhe q\u00ebllimet e fitimit t\u00eb punonj\u00ebsve nd\u00ebrkomb\u00ebtar\u00eb t\u00eb kualifikuar, t\u00eb formuluar n\u00eb standardet e Sistemit Nd\u00ebrkomb\u00ebtar t\u00eb Integritetit t\u00eb Rekrutimit (IRIS) (4).[\/vc_column_text][\/vc_column_inner][\/vc_row_inner][vc_row_inner row_inner_height_percent=&#8221;0&#8243; overlay_alpha=&#8221;50&#8243; equal_height=&#8221;yes&#8221; gutter_size=&#8221;4&#8243; shift_y=&#8221;0&#8243; z_index=&#8221;0&#8243; limit_content=&#8221;&#8221;][vc_column_inner column_width_percent=&#8221;100&#8243; position_vertical=&#8221;middle&#8221; gutter_size=&#8221;2&#8243; overlay_alpha=&#8221;50&#8243; shift_x=&#8221;0&#8243; shift_y=&#8221;0&#8243; shift_y_down=&#8221;0&#8243; z_index=&#8221;0&#8243; medium_width=&#8221;3&#8243; mobile_width=&#8221;0&#8243; width=&#8221;1\/1&#8243; uncode_shortcode_id=&#8221;175878&#8243;][vc_custom_heading heading_semantic=&#8221;p&#8221; text_font=&#8221;font-377884&#8243; text_size=&#8221;h3&#8243; text_weight=&#8221;400&#8243; text_height=&#8221;fontheight-524109&#8243; uncode_shortcode_id=&#8221;459682&#8243;]Lidhjet e p\u00ebrdorura[\/vc_custom_heading][vc_column_text uncode_shortcode_id=&#8221;141406&#8243; el_class=&#8221;fineprint&#8221;]<br \/>\n[1] Gjendet n\u00eb k\u00ebt\u00eb lidhje:\u00a0<a href=\"https:\/\/www.who.int\/publications\/i\/item\/wha68.32\">https:\/\/www.who.int\/publications\/i\/item\/wha68.32<\/a><br \/>\n[2] Gjendet n\u00eb k\u00ebt\u00eb lidhje:\u00a0<a href=\"https:\/\/www.ohchr.org\/en\/instruments-listings\">https:\/\/www.ohchr.org\/en\/instruments-listings<\/a><br \/>\n[3] Gjendet n\u00eb k\u00ebt\u00eb lidhje:\u00a0<a href=\"https:\/\/www.ilo.org\/wcmsp5\/groups\/public\/\u2014ed_protect\/\u2014protrav\/\u2014migrant\/documents\/publication\/wcms_536755.pdf\">https:\/\/www.ilo.org\/wcmsp5\/groups\/public\/\u2014ed_protect\/\u2014protrav\/\u2014migrant\/documents\/publication\/wcms_536755.pdf<\/a><br \/>\n[4] Gjendet n\u00eb k\u00ebt\u00eb lidhje:\u00a0<a href=\"https:\/\/iris.iom.int\/sites\/g\/files\/tmzbdl201\/files\/documents\/IRIS%20Standard%20Report%20.pdf\">https:\/\/iris.iom.int\/sites\/g\/files\/tmzbdl201\/files\/documents\/IRIS%20Standard%20Report%20.pdf<\/a><br \/>\n[\/vc_column_text][\/vc_column_inner][\/vc_row_inner][\/vc_column][\/vc_row][vc_row row_height_percent=&#8221;0&#8243; override_padding=&#8221;yes&#8221; h_padding=&#8221;2&#8243; top_padding=&#8221;2&#8243; bottom_padding=&#8221;5&#8243; overlay_alpha=&#8221;50&#8243; equal_height=&#8221;yes&#8221; gutter_size=&#8221;4&#8243; column_width_percent=&#8221;100&#8243; shift_y=&#8221;0&#8243; z_index=&#8221;0&#8243; el_class=&#8221;inverted-device-order&#8221; uncode_shortcode_id=&#8221;188202&#8243;][vc_column column_width_percent=&#8221;100&#8243; position_vertical=&#8221;middle&#8221; gutter_size=&#8221;3&#8243; overlay_alpha=&#8221;50&#8243; shift_x=&#8221;0&#8243; shift_y=&#8221;0&#8243; shift_y_down=&#8221;0&#8243; z_index=&#8221;0&#8243; medium_width=&#8221;0&#8243; mobile_width=&#8221;0&#8243; width=&#8221;1\/2&#8243;][vc_custom_heading text_color=&#8221;accent&#8221; heading_semantic=&#8221;h6&#8243; text_size=&#8221;fontsize-160000&#8243; text_transform=&#8221;uppercase&#8221; text_space=&#8221;fontspace-135905&#8243; uncode_shortcode_id=&#8221;738521&#8243; text_color_type=&#8221;uncode-palette&#8221;]SHKARKIMET[\/vc_custom_heading][vc_row_inner limit_content=&#8221;&#8221;][vc_column_inner width=&#8221;1\/2&#8243;][vc_custom_heading heading_semantic=&#8221;h3&#8243; subheading=&#8221;P\u00ebr t\u00eb siguruar transparenc\u00eb sa m\u00eb t\u00eb madhe n\u00eb procesin e nd\u00ebrmjet\u00ebsimit, ne krijojm\u00eb nj\u00eb plan individual p\u00ebr \u00e7do punonj\u00ebs. Kriteret p\u00ebr k\u00ebt\u00eb gjeni k\u00ebtu.&#8221; uncode_shortcode_id=&#8221;750164&#8243;]Plani i nd\u00ebrmjet\u00ebsimit[\/vc_custom_heading][vc_button button_color=&#8221;color-935218&#8243; border_width=&#8221;0&#8243; link=&#8221;url:%2Fwp-content%2Fuploads%2F2023%2F08%2FVermittlungsplan_3.pdf|&#8221; uncode_shortcode_id=&#8221;201063&#8243; button_color_type=&#8221;uncode-palette&#8221;]Shkarko[\/vc_button][\/vc_column_inner][vc_column_inner width=&#8221;1\/2&#8243;][vc_custom_heading heading_semantic=&#8221;h3&#8243; subheading=&#8221;Profesioni i kujdesit sh\u00ebndet\u00ebsor n\u00eb Gjermani \u00ebsht\u00eb i p\u00ebrcaktuar ndryshe se n\u00eb vende t\u00eb tjera. Kjo sjell shum\u00eb pyetje rreth tem\u00ebs s\u00eb pun\u00ebsimit n\u00eb Gjermani si nj\u00eb profesionist i kujdesit sh\u00ebndet\u00ebsor. K\u00ebtu do t\u00eb gjeni informacione t\u00eb m\u00ebtejshme lidhur me tem\u00ebn e migrimit t\u00eb profesionist\u00ebve nd\u00ebrkomb\u00ebtar\u00eb t\u00eb kujdesit sh\u00ebndet\u00ebsor p\u00ebr pun\u00ebsim.&#8221; uncode_shortcode_id=&#8221;903693&#8243;]Migrimi p\u00ebr pun\u00ebsim[\/vc_custom_heading][vc_button button_color=&#8221;color-935218&#8243; border_width=&#8221;0&#8243; link=&#8221;url:%2Fwp-content%2Fuploads%2F2024%2F03%2F2024_Infobroschuere_EN_f.pdf|&#8221; uncode_shortcode_id=&#8221;207660&#8243; button_color_type=&#8221;uncode-palette&#8221;]Shkarko[\/vc_button][\/vc_column_inner][\/vc_row_inner][\/vc_column][vc_column column_width_percent=&#8221;100&#8243; gutter_size=&#8221;3&#8243; back_image=&#8221;111722&#8243; overlay_alpha=&#8221;50&#8243; shift_x=&#8221;0&#8243; shift_y=&#8221;0&#8243; shift_y_down=&#8221;0&#8243; z_index=&#8221;0&#8243; medium_width=&#8221;0&#8243; mobile_width=&#8221;0&#8243; width=&#8221;1\/2&#8243; uncode_shortcode_id=&#8221;704300&#8243;][\/vc_column][\/vc_row]<\/p>\n<\/div>","protected":false},"excerpt":{"rendered":"<p>[vc_row row_height_percent=&#8221;0&#8243; override_padding=&#8221;yes&#8221; h_padding=&#8221;2&#8243; top_padding=&#8221;4&#8243; bottom_padding=&#8221;0&#8243; back_color=&#8221;color-xsdn&#8221; overlay_alpha=&#8221;50&#8243; equal_height=&#8221;yes&#8221; gutter_size=&#8221;4&#8243; column_width_percent=&#8221;100&#8243; shift_y=&#8221;0&#8243; z_index=&#8221;1&#8243; top_divider=&#8221;step_1_2&#8243; uncode_shortcode_id=&#8221;116427&#8243; back_color_type=&#8221;uncode-palette&#8221;][vc_column column_width_percent=&#8221;100&#8243; gutter_size=&#8221;4&#8243; overlay_alpha=&#8221;50&#8243; shift_x=&#8221;0&#8243; [&hellip;]<\/p>\n","protected":false},"author":1,"featured_media":0,"parent":0,"menu_order":0,"comment_status":"closed","ping_status":"closed","template":"","meta":{"footnotes":""},"class_list":["post-112219","page","type-page","status-publish","hentry"],"_links":{"self":[{"href":"https:\/\/arche-works.de\/sq\/wp-json\/wp\/v2\/pages\/112219","targetHints":{"allow":["GET"]}}],"collection":[{"href":"https:\/\/arche-works.de\/sq\/wp-json\/wp\/v2\/pages"}],"about":[{"href":"https:\/\/arche-works.de\/sq\/wp-json\/wp\/v2\/types\/page"}],"author":[{"embeddable":true,"href":"https:\/\/arche-works.de\/sq\/wp-json\/wp\/v2\/users\/1"}],"replies":[{"embeddable":true,"href":"https:\/\/arche-works.de\/sq\/wp-json\/wp\/v2\/comments?post=112219"}],"version-history":[{"count":8,"href":"https:\/\/arche-works.de\/sq\/wp-json\/wp\/v2\/pages\/112219\/revisions"}],"predecessor-version":[{"id":112551,"href":"https:\/\/arche-works.de\/sq\/wp-json\/wp\/v2\/pages\/112219\/revisions\/112551"}],"wp:attachment":[{"href":"https:\/\/arche-works.de\/sq\/wp-json\/wp\/v2\/media?parent=112219"}],"curies":[{"name":"wp","href":"https:\/\/api.w.org\/{rel}","templated":true}]}}