{"id":112241,"date":"2022-10-04T18:36:09","date_gmt":"2022-10-04T16:36:09","guid":{"rendered":"https:\/\/arche-works.de\/aplikim-per-shkollim-profesional\/"},"modified":"2023-08-24T22:22:41","modified_gmt":"2023-08-24T20:22:41","slug":"aplikim-per-shkollim-profesional","status":"publish","type":"page","link":"https:\/\/arche-works.de\/sq\/aplikim-per-shkollim-profesional\/","title":{"rendered":"Aplikim p\u00ebr shkollim profesional"},"content":{"rendered":"<div class=\"wpb-content-wrapper\"><p>[vc_row unlock_row_content=&#8221;yes&#8221; row_height_percent=&#8221;0&#8243; override_padding=&#8221;yes&#8221; h_padding=&#8221;0&#8243; top_padding=&#8221;0&#8243; bottom_padding=&#8221;0&#8243; overlay_alpha=&#8221;50&#8243; equal_height=&#8221;yes&#8221; gutter_size=&#8221;0&#8243; column_width_percent=&#8221;100&#8243; shift_y=&#8221;0&#8243; z_index=&#8221;0&#8243;][vc_column column_width_percent=&#8221;100&#8243; gutter_size=&#8221;3&#8243; back_image=&#8221;110561&#8243; overlay_alpha=&#8221;50&#8243; shift_x=&#8221;0&#8243; shift_y=&#8221;0&#8243; shift_y_down=&#8221;0&#8243; z_index=&#8221;0&#8243; medium_width=&#8221;0&#8243; mobile_width=&#8221;0&#8243; width=&#8221;1\/2&#8243; mobile_height=&#8221;340&#8243; uncode_shortcode_id=&#8221;966451&#8243;][\/vc_column][vc_column column_width_percent=&#8221;100&#8243; align_horizontal=&#8221;align_center&#8221; gutter_size=&#8221;3&#8243; override_padding=&#8221;yes&#8221; column_padding=&#8221;5&#8243; style=&#8221;dark&#8221; back_color=&#8221;color-935218&#8243; overlay_alpha=&#8221;50&#8243; shift_x=&#8221;0&#8243; shift_y=&#8221;0&#8243; shift_y_down=&#8221;0&#8243; z_index=&#8221;0&#8243; medium_width=&#8221;0&#8243; mobile_width=&#8221;0&#8243; width=&#8221;1\/2&#8243; uncode_shortcode_id=&#8221;181920&#8243; back_color_type=&#8221;uncode-palette&#8221;][vc_custom_heading text_color=&#8221;color-xsdn&#8221; heading_semantic=&#8221;h6&#8243; text_size=&#8221;fontsize-160000&#8243; text_transform=&#8221;uppercase&#8221; text_space=&#8221;fontspace-135905&#8243; uncode_shortcode_id=&#8221;827009&#8243; text_color_type=&#8221;uncode-palette&#8221;]Nuk keni ende shkollim profesional?[\/vc_custom_heading][vc_custom_heading text_size=&#8221;fontsize-155944&#8243; uncode_shortcode_id=&#8221;739048&#8243;]At\u00ebher\u00eb ejani n\u00eb shkoll\u00ebn ton\u00eb profesionale t\u00eb p\u00ebrkujdesjes dhe t\u00eb kujdesit t\u00eb pleqve![\/vc_custom_heading][vc_column_text text_lead=&#8221;yes&#8221; uncode_shortcode_id=&#8221;146574&#8243;]A keni kryer shkoll\u00ebn dhe doni t\u00eb kryeni nj\u00eb shkollim profesional n\u00eb Gjermani?<br \/>\nNe ju ofrojm\u00eb:<\/p>\n<ul>\n<li>Nj\u00eb shkollim profesional 3-vje\u00e7ar si profesionist\/e e\/i p\u00ebrkujdesjes n\u00eb shkoll\u00ebn ton\u00eb profesionale t\u00eb p\u00ebrkujdesjes, q\u00eb pranohet nga shteti.<\/li>\n<li>Nj\u00eb shkollim profesional 1-vje\u00e7ar si ndihm\u00ebs\/e e\/i p\u00ebrkujdesjes (p\u00ebr pleq) n\u00eb shkoll\u00ebn ton\u00eb profesionale t\u00eb p\u00ebrkujdesjes p\u00ebr pleq.<\/li>\n<\/ul>\n<p>Jeni t\u00eb interesuar? At\u00ebher\u00eb aplikoni te ne! Informacione m\u00eb t\u00eb detajuar gjeni te Shkarkimet.[\/vc_column_text][vc_empty_space empty_h=&#8221;2&#8243;][vc_button border_width=&#8221;0&#8243; display=&#8221;inline&#8221; link=&#8221;url:%2Fwp-content%2Fuploads%2F2023%2F08%2F11_Aplikim-nderkombetar-per-trajnimin-si-specialist-i-infermierise_tre-vje-.pdf|&#8221; uncode_shortcode_id=&#8221;124079&#8243;]Tre vje[\/vc_button][vc_button border_width=&#8221;0&#8243; display=&#8221;inline&#8221; link=&#8221;url:%2Fwp-content%2Fuploads%2F2023%2F08%2F11_Aplikim-nderkombetar-per-shkollim-si-ndihmes-infermiere-1-vit-.pdf|&#8221; uncode_shortcode_id=&#8221;208216&#8243;]1 Vit[\/vc_button][\/vc_column][\/vc_row]<\/p>\n<\/div>","protected":false},"excerpt":{"rendered":"<p>[vc_row unlock_row_content=&#8221;yes&#8221; row_height_percent=&#8221;0&#8243; override_padding=&#8221;yes&#8221; h_padding=&#8221;0&#8243; top_padding=&#8221;0&#8243; bottom_padding=&#8221;0&#8243; overlay_alpha=&#8221;50&#8243; equal_height=&#8221;yes&#8221; gutter_size=&#8221;0&#8243; column_width_percent=&#8221;100&#8243; shift_y=&#8221;0&#8243; z_index=&#8221;0&#8243;][vc_column column_width_percent=&#8221;100&#8243; gutter_size=&#8221;3&#8243; back_image=&#8221;110561&#8243; overlay_alpha=&#8221;50&#8243; shift_x=&#8221;0&#8243; shift_y=&#8221;0&#8243; shift_y_down=&#8221;0&#8243; [&hellip;]<\/p>\n","protected":false},"author":1,"featured_media":0,"parent":0,"menu_order":0,"comment_status":"closed","ping_status":"closed","template":"","meta":{"footnotes":""},"class_list":["post-112241","page","type-page","status-publish","hentry"],"_links":{"self":[{"href":"https:\/\/arche-works.de\/sq\/wp-json\/wp\/v2\/pages\/112241","targetHints":{"allow":["GET"]}}],"collection":[{"href":"https:\/\/arche-works.de\/sq\/wp-json\/wp\/v2\/pages"}],"about":[{"href":"https:\/\/arche-works.de\/sq\/wp-json\/wp\/v2\/types\/page"}],"author":[{"embeddable":true,"href":"https:\/\/arche-works.de\/sq\/wp-json\/wp\/v2\/users\/1"}],"replies":[{"embeddable":true,"href":"https:\/\/arche-works.de\/sq\/wp-json\/wp\/v2\/comments?post=112241"}],"version-history":[{"count":2,"href":"https:\/\/arche-works.de\/sq\/wp-json\/wp\/v2\/pages\/112241\/revisions"}],"predecessor-version":[{"id":112243,"href":"https:\/\/arche-works.de\/sq\/wp-json\/wp\/v2\/pages\/112241\/revisions\/112243"}],"wp:attachment":[{"href":"https:\/\/arche-works.de\/sq\/wp-json\/wp\/v2\/media?parent=112241"}],"curies":[{"name":"wp","href":"https:\/\/api.w.org\/{rel}","templated":true}]}}