{"id":112248,"date":"2021-03-19T09:00:13","date_gmt":"2021-03-19T08:00:13","guid":{"rendered":"https:\/\/arche-works.de\/kontakti\/"},"modified":"2023-10-02T13:20:23","modified_gmt":"2023-10-02T11:20:23","slug":"kontakti","status":"publish","type":"page","link":"https:\/\/arche-works.de\/sq\/kontakti\/","title":{"rendered":"Kontakti"},"content":{"rendered":"<div class=\"wpb-content-wrapper\"><p>[vc_row unlock_row_content=&#8221;yes&#8221; row_height_percent=&#8221;0&#8243; override_padding=&#8221;yes&#8221; h_padding=&#8221;0&#8243; top_padding=&#8221;0&#8243; bottom_padding=&#8221;0&#8243; back_color=&#8221;accent&#8221; overlay_alpha=&#8221;50&#8243; equal_height=&#8221;yes&#8221; gutter_size=&#8221;0&#8243; column_width_percent=&#8221;100&#8243; shift_y=&#8221;0&#8243; z_index=&#8221;0&#8243; bottom_divider=&#8221;gradient&#8221;][vc_column column_width_use_pixel=&#8221;yes&#8221; position_horizontal=&#8221;right&#8221; gutter_size=&#8221;2&#8243; override_padding=&#8221;yes&#8221; column_padding=&#8221;3&#8243; style=&#8221;dark&#8221; overlay_alpha=&#8221;50&#8243; shift_x=&#8221;0&#8243; shift_y=&#8221;0&#8243; shift_y_down=&#8221;0&#8243; z_index=&#8221;0&#8243; medium_width=&#8221;0&#8243; mobile_width=&#8221;0&#8243; width=&#8221;1\/2&#8243; column_width_pixel=&#8221;420&#8243; uncode_shortcode_id=&#8221;154558&#8243;][vc_custom_heading heading_semantic=&#8221;h3&#8243; text_size=&#8221;h1&#8243; text_weight=&#8221;300&#8243; uncode_shortcode_id=&#8221;492655&#8243; subheading=&#8221;Ekipi p\u00ebr menaxhimin e talenteve. Menaxhimi i projektit p\u00ebr profesionist\u00eb, nd\u00ebrmjet\u00ebsim dhe kujdes t\u00eb profesionist\u00ebve&#8221;]Kateryna Conradi[\/vc_custom_heading][vc_custom_heading heading_semantic=&#8221;h3&#8243; text_size=&#8221;h4&#8243; text_weight=&#8221;300&#8243; sub_lead=&#8221;yes&#8221; sub_reduced=&#8221;yes&#8221; uncode_shortcode_id=&#8221;904291&#8243;]+49 9545 2124930<br \/>\n<a href=\"mailto:info@works.arche-twi.com\">E-Mail<\/a>[\/vc_custom_heading][vc_separator sep_color=&#8221;,Default&#8221;][vc_custom_heading heading_semantic=&#8221;h3&#8243; text_size=&#8221;h1&#8243; text_weight=&#8221;300&#8243; uncode_shortcode_id=&#8221;675929&#8243; subheading=&#8221;Ekipi p\u00ebr menaxhimin e talenteve. Menaxhimi i projektit p\u00ebr nx\u00ebn\u00ebsit e shkoll\u00ebs profesionale. Nd\u00ebrmjet\u00ebsim dhe kujdes p\u00ebr nx\u00ebn\u00ebsit e shkoll\u00ebs profesionale&#8221;]Juliane Knoll[\/vc_custom_heading][vc_custom_heading heading_semantic=&#8221;h3&#8243; text_size=&#8221;h4&#8243; text_weight=&#8221;300&#8243; sub_lead=&#8221;yes&#8221; sub_reduced=&#8221;yes&#8221; uncode_shortcode_id=&#8221;108509&#8243;]+49 954 521 249 32<br \/>\n<a href=\"mailto:knoll.j@fos.arche-twi.com\">E-Mail<\/a>[\/vc_custom_heading][vc_separator sep_color=&#8221;,Default&#8221;][vc_custom_heading heading_semantic=&#8221;h3&#8243; text_size=&#8221;h1&#8243; text_weight=&#8221;300&#8243; uncode_shortcode_id=&#8221;209134&#8243; text_color_type=&#8221;uncode-palette&#8221; text_color_solid=&#8221;#ff0000&#8243; subheading=&#8221;P\u00ebrgjegj\u00ebse p\u00ebr integrim<br \/>\nFusha speciale \u2013 Profesionist\u00eb dhe Nx\u00ebn\u00ebx t\u00eb shkoll\u00ebs profesionale nga Kosova<br \/>\nArche Noris gGmbH&#8221;]Fetije Brahimaj[\/vc_custom_heading][vc_custom_heading heading_semantic=&#8221;h3&#8243; text_size=&#8221;h4&#8243; text_weight=&#8221;300&#8243; sub_lead=&#8221;yes&#8221; sub_reduced=&#8221;yes&#8221; uncode_shortcode_id=&#8221;120290&#8243;]+49 160 957 649 12<br \/>\n<a href=\"mailto:frenirover@gmail.com\">E-Mail<\/a>[\/vc_custom_heading][vc_separator sep_color=&#8221;,Default&#8221;][vc_custom_heading heading_semantic=&#8221;h3&#8243; text_size=&#8221;h1&#8243; text_weight=&#8221;300&#8243; uncode_shortcode_id=&#8221;159336&#8243; subheading=&#8221;H\u00ebn\u00eb deri premten nga ora 9 deri 16&#8243;]Orari i pun\u00ebs[\/vc_custom_heading][uncode_vertical_text fixed=&#8221;yes&#8221; position=&#8221;right&#8221; flip=&#8221;yes&#8221; vertical_text_h_pos=&#8221;-2&#8243; text_weight=&#8221;800&#8243; text_transform=&#8221;uppercase&#8221; text_color=&#8221;color-935218&#8243; uncode_shortcode_id=&#8221;207593&#8243; text_color_type=&#8221;uncode-palette&#8221; el_class=&#8221;beschwerde&#8221;]<a href=\"#open-modal\">Ankes\u00eb<\/a><\/p>\n<p>[\/uncode_vertical_text][vc_row_inner limit_content=&#8221;&#8221;][vc_column_inner column_width_percent=&#8221;100&#8243; gutter_size=&#8221;3&#8243; style=&#8221;light&#8221; overlay_alpha=&#8221;50&#8243; shift_x=&#8221;0&#8243; shift_y=&#8221;0&#8243; shift_y_down=&#8221;0&#8243; z_index=&#8221;0&#8243; medium_width=&#8221;0&#8243; mobile_width=&#8221;0&#8243; width=&#8221;1\/1&#8243; uncode_shortcode_id=&#8221;166062&#8243;][\/vc_column_inner][\/vc_row_inner][\/vc_column][vc_column column_width_use_pixel=&#8221;yes&#8221; position_horizontal=&#8221;left&#8221; gutter_size=&#8221;3&#8243; override_padding=&#8221;yes&#8221; column_padding=&#8221;4&#8243; back_color=&#8221;color-xsdn&#8221; overlay_alpha=&#8221;50&#8243; shift_x=&#8221;0&#8243; shift_y=&#8221;0&#8243; shift_y_down=&#8221;0&#8243; z_index=&#8221;0&#8243; medium_width=&#8221;0&#8243; mobile_width=&#8221;0&#8243; width=&#8221;1\/2&#8243; column_width_pixel=&#8221;420&#8243; uncode_shortcode_id=&#8221;135008&#8243; back_color_type=&#8221;uncode-palette&#8221;][vc_custom_heading heading_semantic=&#8221;h3&#8243; text_size=&#8221;h1&#8243; text_weight=&#8221;300&#8243; uncode_shortcode_id=&#8221;129290&#8243;]Kontakti[\/vc_custom_heading][vc_separator sep_color=&#8221;,Default&#8221;]\n<div class=\"wpcf7 no-js\" id=\"wpcf7-f112250-o1\" lang=\"sq-AL\" dir=\"ltr\" data-wpcf7-id=\"112250\">\n<div class=\"screen-reader-response\"><p role=\"status\" aria-live=\"polite\" aria-atomic=\"true\"><\/p> <ul><\/ul><\/div>\n<form action=\"\/sq\/wp-json\/wp\/v2\/pages\/112248#wpcf7-f112250-o1\" method=\"post\" class=\"wpcf7-form init input-background form-no-labels\" aria-label=\"Contact form\" novalidate=\"novalidate\" data-status=\"init\">\n<fieldset class=\"hidden-fields-container\"><input type=\"hidden\" name=\"_wpcf7\" value=\"112250\" \/><input type=\"hidden\" name=\"_wpcf7_version\" value=\"6.1.5\" \/><input type=\"hidden\" name=\"_wpcf7_locale\" value=\"sq_AL\" \/><input type=\"hidden\" name=\"_wpcf7_unit_tag\" value=\"wpcf7-f112250-o1\" \/><input type=\"hidden\" name=\"_wpcf7_container_post\" value=\"0\" \/><input type=\"hidden\" name=\"_wpcf7_posted_data_hash\" value=\"\" \/>\n<\/fieldset>\n<p>Emri juaj*\n<\/p>\n<p><span class=\"wpcf7-form-control-wrap\" data-name=\"your-firstname\"><input size=\"40\" maxlength=\"400\" class=\"wpcf7-form-control wpcf7-text wpcf7-validates-as-required form-fluid\" aria-required=\"true\" aria-invalid=\"false\" value=\"\" type=\"text\" name=\"your-firstname\" \/><\/span>\n<\/p>\n<p>Adresa juaj e emailit*\n<\/p>\n<p><span class=\"wpcf7-form-control-wrap\" data-name=\"your-email\"><input size=\"40\" maxlength=\"400\" class=\"wpcf7-form-control wpcf7-email wpcf7-validates-as-required wpcf7-text wpcf7-validates-as-email form-fluid\" aria-required=\"true\" aria-invalid=\"false\" value=\"\" type=\"email\" name=\"your-email\" \/><\/span>\n<\/p>\n<p>Mesazhi juaj*\n<\/p>\n<p><span class=\"wpcf7-form-control-wrap\" data-name=\"your-message\"><textarea cols=\"40\" rows=\"8\" maxlength=\"2000\" class=\"wpcf7-form-control wpcf7-textarea\" aria-invalid=\"false\" name=\"your-message\"><\/textarea><\/span>\n<\/p>\n<p><span class=\"wpcf7-form-control-wrap\" data-name=\"acceptance-380\"><span class=\"wpcf7-form-control wpcf7-acceptance\"><span class=\"wpcf7-list-item\"><label><input type=\"checkbox\" name=\"acceptance-380\" value=\"1\" aria-invalid=\"false\" \/><span class=\"wpcf7-list-item-label\">Un\u00eb kam lexuar\u00a0<a href=\"\/sq\/datenschutzerklaerung\/\">Deklarat\u00ebn p\u00ebr Mbrojtjen e t\u00eb Dh\u00ebnave<\/a> Jam dakord q\u00eb t\u00eb dh\u00ebnat e mia t\u00eb p\u00ebrdoren dhe t\u00eb ruhen n\u00eb m\u00ebnyr\u00eb elektronike p\u00ebr t\u00eb marr\u00eb p\u00ebrgjigje ndaj k\u00ebrkes\u00ebs sime.<\/span><\/label><\/span><\/span><\/span>\n<\/p>\n<p><input class=\"wpcf7-form-control wpcf7-submit has-spinner btn btn-accent btn-lg\" type=\"submit\" value=\"D\u00ebrgo\" \/>\n<\/p><div class=\"wpcf7-response-output\" aria-hidden=\"true\"><\/div>\n<\/form>\n<\/div>\n[\/vc_column][\/vc_row][vc_row row_height_percent=&#8221;0&#8243; override_padding=&#8221;yes&#8221; h_padding=&#8221;0&#8243; top_padding=&#8221;0&#8243; bottom_padding=&#8221;0&#8243; overlay_alpha=&#8221;50&#8243; gutter_size=&#8221;3&#8243; column_width_percent=&#8221;100&#8243; shift_y=&#8221;0&#8243; z_index=&#8221;0&#8243; uncode_shortcode_id=&#8221;114044&#8243;][vc_column width=&#8221;1\/1&#8243;][vc_raw_html]JTNDZGl2JTIwaWQlM0QlMjJvcGVuLW1vZGFsJTIyJTIwY2xhc3MlM0QlMjJtb2RhbC13aW5kb3clMjIlM0UlMEElMjAlMjAlM0NkaXYlM0UlMEElMjAlMjAlMjAlMjAlM0NhJTIwaHJlZiUzRCUyMiUyM2ludGVyaW9yJTIyJTIwdGl0bGUlM0QlMjJzY2hsaWVzc2VuJTIyJTIwY2xhc3MlM0QlMjJtb2RhbC1jbG9zZSUyMiUzRVglM0MlMkZhJTNFJTBBJTIwJTIwJTIwJTIwJTNDaDMlM0VBbmtlcyVDMyVBQiUzQyUyRmgzJTNFJTNDYnIlM0UlMEElMjAlMjAlMjAlMjAlM0NkaXYlM0VBbmtlc2ElMjBqdWFqJTIwZG8lMjB0JUMzJUFCJTIwcCVDMyVBQnJwdW5vaGV0JTIwYnJlbmRhJTIwbmolQzMlQUIlMkMlMjBtJUMzJUFCJTIwcyVDMyVBQiUyMHZvbmklMjBicmVuZGElMjBkeSUyMGphdiVDMyVBQnZlLiUyME5lJTIwZG8lMjBqdSUyMGtvbnRha3Rvam0lQzMlQUIlMjBzYSUyMG0lQzMlQUIlMjBzaHBlanQlMjB0JUMzJUFCJTIwamV0JUMzJUFCJTIwZSUyMG11bmR1ci4lMEElQzIlQTAlMEElM0NwJTNFJTNDYnIlM0UlM0MlMkZwJTNFJTBBJTNDcCUzRSUzQ2ElMjBjbGFzcyUzRCUyMmJ0biUyMiUyMGhyZWYlM0QlMjJtYWlsdG8lM0FiZXdlcmJ1bmclNDB3b3Jrcy5hcmNoZS10d2kuY29tJTIyJTNFRG9yJUMzJUFCemltaSUyMGklMjBhbmtlcyVDMyVBQnMlM0MlMkZhJTNFJTNDJTJGcCUzRSUwQSUzQyUyRmRpdiUzRSUwQSUyMCUyMCUyMCUyMCUzQ2JyJTNFJTBBJTNDJTJGZGl2JTNFJTBBJTNDJTJGZGl2JTNF[\/vc_raw_html][\/vc_column][\/vc_row]<\/p>\n<\/div>","protected":false},"excerpt":{"rendered":"<p>[vc_row unlock_row_content=&#8221;yes&#8221; row_height_percent=&#8221;0&#8243; override_padding=&#8221;yes&#8221; h_padding=&#8221;0&#8243; top_padding=&#8221;0&#8243; bottom_padding=&#8221;0&#8243; back_color=&#8221;accent&#8221; overlay_alpha=&#8221;50&#8243; equal_height=&#8221;yes&#8221; gutter_size=&#8221;0&#8243; column_width_percent=&#8221;100&#8243; shift_y=&#8221;0&#8243; z_index=&#8221;0&#8243; bottom_divider=&#8221;gradient&#8221;][vc_column column_width_use_pixel=&#8221;yes&#8221; position_horizontal=&#8221;right&#8221; gutter_size=&#8221;2&#8243; override_padding=&#8221;yes&#8221; column_padding=&#8221;3&#8243; [&hellip;]<\/p>\n","protected":false},"author":1,"featured_media":0,"parent":0,"menu_order":0,"comment_status":"closed","ping_status":"closed","template":"","meta":{"footnotes":""},"class_list":["post-112248","page","type-page","status-publish","hentry"],"_links":{"self":[{"href":"https:\/\/arche-works.de\/sq\/wp-json\/wp\/v2\/pages\/112248","targetHints":{"allow":["GET"]}}],"collection":[{"href":"https:\/\/arche-works.de\/sq\/wp-json\/wp\/v2\/pages"}],"about":[{"href":"https:\/\/arche-works.de\/sq\/wp-json\/wp\/v2\/types\/page"}],"author":[{"embeddable":true,"href":"https:\/\/arche-works.de\/sq\/wp-json\/wp\/v2\/users\/1"}],"replies":[{"embeddable":true,"href":"https:\/\/arche-works.de\/sq\/wp-json\/wp\/v2\/comments?post=112248"}],"version-history":[{"count":6,"href":"https:\/\/arche-works.de\/sq\/wp-json\/wp\/v2\/pages\/112248\/revisions"}],"predecessor-version":[{"id":112279,"href":"https:\/\/arche-works.de\/sq\/wp-json\/wp\/v2\/pages\/112248\/revisions\/112279"}],"wp:attachment":[{"href":"https:\/\/arche-works.de\/sq\/wp-json\/wp\/v2\/media?parent=112248"}],"curies":[{"name":"wp","href":"https:\/\/api.w.org\/{rel}","templated":true}]}}