{"id":112251,"date":"2022-10-04T18:38:39","date_gmt":"2022-10-04T16:38:39","guid":{"rendered":"https:\/\/arche-works.de\/imprint\/"},"modified":"2023-08-25T00:14:52","modified_gmt":"2023-08-24T22:14:52","slug":"imprint","status":"publish","type":"page","link":"https:\/\/arche-works.de\/sq\/imprint\/","title":{"rendered":"Imprint"},"content":{"rendered":"<div class=\"wpb-content-wrapper\"><p>[vc_row][vc_column][vc_column_text uncode_shortcode_id=&#8221;102509&#8243;]<\/p>\n<h5>T\u00eb dh\u00ebnat sipas nenit 5 TMG:<\/h5>\n<p><strong>Arche Teach and Work International gGmbH<\/strong><br \/>\nMoskauer Ring 1<br \/>\n97084 W\u00fcrzburg<\/p>\n<p>Regjistri tregtar: HRB 15558<br \/>\nGjykata p\u00ebrgjegj\u00ebse p\u00ebr regjist\u00ebr: Gjykata Themelore W\u00fcrzburg<\/p>\n<p><strong>P\u00ebfaq\u00ebsuar nga drejtor\u00ebt ekzekutiv\u00eb:<\/strong><br \/>\nAndreas M\u00fc\u00dfig<\/p>\n<p><strong>Kontakti<\/strong><\/p>\n<p>Telefon: 09545 21249-20<br \/>\nTelefax: 09545 21249-80<br \/>\nE-Mail: info@arche-twi.com<\/p>\n<p><strong>T\u00eb dh\u00ebnat rreth sigurimit t\u00eb p\u00ebrgjegj\u00ebsis\u00eb profesionale<\/strong><br \/>\n\u2013 Do t\u00eb dor\u00ebzohet \u2013<\/p>\n<p><strong>Zgjidhja e mosmarr\u00ebveshjeve<\/strong><br \/>\nNe nuk jemi t\u00eb gatsh\u00ebm ose t\u00eb detyruar t\u00eb marrim pjes\u00eb n\u00eb procedurat e zgjidhjes s\u00eb mosmarr\u00ebveshjeve para nj\u00eb qendre p\u00ebr zgjidhjen e mosmarr\u00ebveshjeve me konsumator\u00eb.<\/p>\n<p><strong>P\u00ebrgjegj\u00ebsia p\u00ebr p\u00ebrmbajtjen<\/strong><br \/>\nSi ofrues i sh\u00ebrbimeve, ne jemi p\u00ebrgjegj\u00ebs sipas Nenit 7 Paragrafi 1 i Ligjit p\u00ebr Mediat Elektronike p\u00ebr p\u00ebrmbajtjen ton\u00eb n\u00eb k\u00ebto faqe sipas ligjeve t\u00eb p\u00ebrgjithshme. Sipas Neneve 8 deri 10 t\u00eb Ligjit p\u00ebr Mediat Elektronike, ne si ofrues t\u00eb sh\u00ebrbimeve nuk jemi t\u00eb obliguar t\u00eb monitorojm\u00eb ose t\u00eb k\u00ebrkojm\u00eb p\u00ebr rrethanat q\u00eb tregojn\u00eb n\u00eb nj\u00eb veprim t\u00eb paligjsh\u00ebm p\u00ebr informacionet e d\u00ebrguara ose t\u00eb ruajtura nga e t\u00eb tjer\u00ebt.<\/p>\n<p>Detyrimet p\u00ebr largimin ose bllokimin e p\u00ebrdorimit t\u00eb informacioneve sipas ligjeve t\u00eb p\u00ebrgjithshme nuk preken prej k\u00ebsaj. Megjithat\u00eb, p\u00ebrgjegj\u00ebsia p\u00ebr k\u00ebt\u00eb \u00ebsht\u00eb e mundur vet\u00ebm nga momenti kur b\u00ebhen t\u00eb ditura shkeljet e caktuara t\u00eb ligjit. N\u00ebse b\u00ebhet t\u00eb ditur shkeljet e tilla, ne do t\u00eb largojm\u00eb menj\u00ebher\u00eb k\u00ebto p\u00ebrmbajtje.<\/p>\n<p><strong>P\u00ebrgjegj\u00ebsia p\u00ebr lidhjet<\/strong><br \/>\nOferta jon\u00eb p\u00ebrmban lidhje t\u00eb uebfaqeve t\u00eb pal\u00ebve t\u00eb treta, p\u00ebr p\u00ebrmbajtjen e t\u00eb cilave nuk kemi ndikim. Prandaj nuk mund t\u00eb marrim p\u00ebrgjegj\u00ebsi p\u00ebr k\u00ebto p\u00ebrmbajtje t\u00eb tjera. P\u00ebr p\u00ebrmbajtjen e faqeve t\u00eb lidhura \u00ebsht\u00eb gjithmon\u00eb p\u00ebrgjegj\u00ebs ofruesi ose operatori i faqeve t\u00eb lidhura. Faqet e lidhura jan\u00eb kontrolluar p\u00ebr shkeljet e mundshme t\u00eb ligjit n\u00eb koh\u00ebn e lidhjes. P\u00ebrmbajtja e paligjshme nuk ishte e dukshme n\u00eb koh\u00ebn e lidhjes.<\/p>\n<p>Kontrolli i vazhduesh\u00ebm i p\u00ebrmbajtjes s\u00eb faqeve t\u00eb lidhura \u00ebsht\u00eb i pamundur pa pik\u00ebnisje konkret t\u00eb nj\u00eb shkelje t\u00eb ligjit. N\u00eb rast se b\u00ebhen t\u00eb njohura shkelje t\u00eb ligjit, do t\u00eb largojm\u00eb menj\u00ebher\u00eb lidhjet e tilla.<\/p>\n<p><strong>T\u00eb drejta t\u00eb autorit<\/strong><br \/>\nP\u00ebrmbajtja dhe krijimet q\u00eb jan\u00eb krijuar nga operator\u00ebt e faqeve n\u00eb k\u00ebto faqe i n\u00ebnshtrohen ligjit gjerman t\u00eb t\u00eb drejtave t\u00eb autorit. Kopjimi, ndryshimi, shp\u00ebrndarja dhe \u00e7do lloj shfryt\u00ebzimi jasht\u00eb kufijve t\u00eb t\u00eb drejtave t\u00eb autorit k\u00ebrkon miratimin me shkrim t\u00eb autorit ose krijuesit p\u00ebrkat\u00ebs. Shkarkimet dhe kopjet e k\u00ebsaj faqe lejohen vet\u00ebm p\u00ebr p\u00ebrdorim privat, jo-tregtar.<\/p>\n<p>P\u00ebr sa koh\u00eb q\u00eb p\u00ebrmbajtja n\u00eb k\u00ebt\u00eb faqe nuk \u00ebsht\u00eb krijuar nga operatori, respektohen t\u00eb drejtat e autorit t\u00eb pal\u00ebve t\u00eb treta. N\u00eb ve\u00e7anti, p\u00ebrmbajtjet e pal\u00ebve t\u00eb treta b\u00ebhen t\u00eb ditura si t\u00eb tilla. N\u00ebse ndonj\u00ebher\u00eb b\u00ebheni t\u00eb vet\u00ebdijsh\u00ebm p\u00ebr nj\u00eb shkelje t\u00eb t\u00eb drejtave t\u00eb autorit, ju lutemi p\u00ebr nj\u00eb njoftim p\u00ebrkat\u00ebs. N\u00ebse b\u00ebhet e ditur shkelje e ligjit, do t\u00eb largojm\u00eb menj\u00ebher\u00eb p\u00ebrmbajtjet e tilla.<\/p>\n<p><strong>P\u00ebrgjegj\u00ebs p\u00ebr p\u00ebrmbajtjen:<\/strong><\/p>\n<p>Arche Teach and Work International gGmbH<br \/>\nMoskauer Ring 1<br \/>\n97084 W\u00fcrzburg<br \/>\nTel. 09545 21249-20<br \/>\nFax 09545 21249-80<br \/>\nEmail: info@arche-twi.com<\/p>\n<p>Arche Teach and Work International gGmbH<br \/>\nShkolla e Lart\u00eb Teknike n\u00eb Fr\u00e4nkische Schweiz<br \/>\nBahnhofstrasse 55<br \/>\n91330 Eggolsheim<br \/>\nTel. 09545 21249-10<br \/>\nFax 09194 21249-90<br \/>\nfos@arche-twi.com<\/p>\n<p><strong>Uebdizajni dhe implementimi<\/strong><br \/>\n<a href=\"https:\/\/printessenz.de\">Agjencia e reklamave Printessenz<\/a>[\/vc_column_text][\/vc_column][\/vc_row]<\/p>\n<\/div>","protected":false},"excerpt":{"rendered":"<p>[vc_row][vc_column][vc_column_text uncode_shortcode_id=&#8221;102509&#8243;] T\u00eb dh\u00ebnat sipas nenit 5 TMG: Arche Teach and Work International gGmbH Moskauer Ring 1 97084 W\u00fcrzburg Regjistri [&hellip;]<\/p>\n","protected":false},"author":1,"featured_media":0,"parent":0,"menu_order":0,"comment_status":"closed","ping_status":"closed","template":"","meta":{"footnotes":""},"class_list":["post-112251","page","type-page","status-publish","hentry"],"_links":{"self":[{"href":"https:\/\/arche-works.de\/sq\/wp-json\/wp\/v2\/pages\/112251","targetHints":{"allow":["GET"]}}],"collection":[{"href":"https:\/\/arche-works.de\/sq\/wp-json\/wp\/v2\/pages"}],"about":[{"href":"https:\/\/arche-works.de\/sq\/wp-json\/wp\/v2\/types\/page"}],"author":[{"embeddable":true,"href":"https:\/\/arche-works.de\/sq\/wp-json\/wp\/v2\/users\/1"}],"replies":[{"embeddable":true,"href":"https:\/\/arche-works.de\/sq\/wp-json\/wp\/v2\/comments?post=112251"}],"version-history":[{"count":2,"href":"https:\/\/arche-works.de\/sq\/wp-json\/wp\/v2\/pages\/112251\/revisions"}],"predecessor-version":[{"id":112253,"href":"https:\/\/arche-works.de\/sq\/wp-json\/wp\/v2\/pages\/112251\/revisions\/112253"}],"wp:attachment":[{"href":"https:\/\/arche-works.de\/sq\/wp-json\/wp\/v2\/media?parent=112251"}],"curies":[{"name":"wp","href":"https:\/\/api.w.org\/{rel}","templated":true}]}}