{"id":112254,"date":"2022-10-04T18:39:36","date_gmt":"2022-10-04T16:39:36","guid":{"rendered":"https:\/\/arche-works.de\/datenschutzerklaerung\/"},"modified":"2025-09-15T14:28:57","modified_gmt":"2025-09-15T12:28:57","slug":"datenschutzerklaerung","status":"publish","type":"page","link":"https:\/\/arche-works.de\/sq\/datenschutzerklaerung\/","title":{"rendered":"Deklarat\u00eb rreth ruajtjes t\u00eb t\u00eb dh\u00ebnave"},"content":{"rendered":"<div class=\"wpb-content-wrapper\"><p>[vc_row][vc_column][vc_column_text uncode_shortcode_id=&#8221;142727&#8243;]<\/p>\n<h1>Deklarat\u00eb rreth ruajtjes t\u00eb t\u00eb dh\u00ebnave<\/h1>\n<p><strong>T\u00eb p\u00ebrgjitshme<\/strong><br \/>\nP\u00ebr ArcheNoris gGmbH, mbrojtja e t\u00eb dh\u00ebnave personale, t\u00eb dh\u00ebna n\u00eb kuad\u00ebr t\u00eb p\u00ebrdorimit t\u00eb sh\u00ebrbimeve tona n\u00eb internet, \u00ebsht\u00eb nj\u00eb \u00e7\u00ebshtje e r\u00ebnd\u00ebsishme. P\u00ebr k\u00ebt\u00eb arsye, d\u00ebshirojm\u00eb t&#8217;ju informojm\u00eb mbi t\u00eb dh\u00ebnat q\u00eb mund t\u00eb grumbullohen dhe se si do t&#8217;i trajtojm\u00eb ato. Baza ligjore p\u00ebr ne \u00ebsht\u00eb\u00a0Ligji p\u00ebr Mbrojtjen e t\u00eb Dh\u00ebave Personale t\u00eb Kish\u00ebs Evangjelike n\u00eb Gjermani\u00a0si dhe dispozitat p\u00ebr ofrimin e sh\u00ebrbimeve t\u00eb telekomunikacionit dhe menaxhimin e faqeve n\u00eb internet.<\/p>\n<p><strong>T\u00eb dh\u00ebnat personale<\/strong><br \/>\nT\u00eb dh\u00ebnat personale t\u00eb ofruara nga ju n\u00eb p\u00ebrgjith\u00ebsi i p\u00ebrdorim p\u00ebr t\u00b4u p\u00ebrgjigjur k\u00ebrkesave tuaja, p\u00ebr t\u00eb p\u00ebrpunuar porosit\u00eb tuaja ose p\u00ebr t&#8217;ju mund\u00ebsuar qasje n\u00eb informacione ose oferta t\u00eb caktuara. P\u00ebrve\u00e7 k\u00ebsaj, p\u00ebrdorim t\u00eb dh\u00ebnat tuaja vet\u00ebm n\u00ebse keni dh\u00ebn\u00eb p\u00eblqimin tuaj t\u00eb qart\u00eb p\u00ebr k\u00ebt\u00eb. N\u00ebse brenda ofert\u00ebs n\u00eb internet ka mund\u00ebsi p\u00ebr t\u00eb vendosur t\u00eb dh\u00ebna personale ose t\u00eb biznesit (p\u00ebr shembull, n\u00eb kuad\u00ebr t\u00eb nj\u00eb regjistrimi personal, porosie, k\u00ebrkese ose mesazhi), dh\u00ebnia e k\u00ebtyre t\u00eb dh\u00ebnave nga vizitori b\u00ebhet me vullnet t\u00eb lir\u00eb.<\/p>\n<p><strong>Mbledhja, P\u00ebrpunimi dhe P\u00ebrdorimi i t\u00eb Dh\u00ebnave<\/strong><br \/>\nT\u00eb dh\u00ebnat personale q\u00eb na ofrohen online do t\u00eb ruhen, p\u00ebrpunohen dhe p\u00ebrdoren vet\u00ebm p\u00ebr q\u00ebllimet q\u00eb ju jan\u00eb komunikuar p\u00ebr rastin specifik. Nj\u00eb ruajtje, p\u00ebrpunim ose p\u00ebrdorim q\u00eb tejkalon k\u00ebto q\u00ebllime kryhet vet\u00ebm n\u00ebse:<br \/>\n\u00ebsht\u00eb p\u00ebr q\u00ebllim t\u00eb nd\u00ebrlidhur drejtp\u00ebrdrejt\u00eb me q\u00ebllimin origjinal p\u00ebr t\u00eb cilin jan\u00eb mbledhur t\u00eb dh\u00ebnat personale,<br \/>\n\u00ebsht\u00eb e nevojshme p\u00ebr shkak t\u00eb nj\u00eb detyrimi ligjor ose urdhri autoritar ose gjyq\u00ebsor,<br \/>\n\u00ebsht\u00eb e nevojshme p\u00ebr t\u00eb krijuar ose mbrojtur pretendime ligjore ose p\u00ebr t\u00eb parandaluar akuzat,<br \/>\nsh\u00ebrben p\u00ebr t\u00eb parandaluar abuzimin ose aktivitetet e paligjshme t\u00eb tjera, p.sh. sulmet q\u00eb synojn\u00eb sistemet tona.<\/p>\n<p><strong>Formulari i kontaktit<\/strong><br \/>\nN\u00ebse na d\u00ebrgoni k\u00ebrkesa p\u00ebrmes formularit t\u00eb kontaktit, t\u00eb dh\u00ebnat tuaja nga formulari i kontaktit, p\u00ebrfshir\u00eb t\u00eb dh\u00ebnat tuaja t\u00eb kontaktit q\u00eb keni dh\u00ebn\u00eb atje, ruhen p\u00ebr t\u00eb trajtuar pyetjen dhe p\u00ebr pyetje t\u00eb mundshme t\u00eb m\u00ebtejshme. K\u00ebto t\u00eb dh\u00ebna nuk i p\u00ebrcjellim m\u00eb tej pa miratimin tuaj.<br \/>\nP\u00ebrpunimi i t\u00eb dh\u00ebnave t\u00eb futura n\u00eb formularin e kontaktit kryhet ekskluzivisht n\u00eb baz\u00eb t\u00eb miratimit tuaj (Neni 6 Paragrafi 1 Pik\u00eb a i GDPR, respektivisht Neni 6 i Ligjit p\u00ebr Mbrojtjen e t\u00eb Dh\u00ebnave Personale t\u00eb Kish\u00ebs Evangjelike n\u00eb Gjermani).<\/p>\n<p>Ju mund t\u00eb t\u00ebrhiqni k\u00ebt\u00eb miratim n\u00eb \u00e7do koh\u00eb. P\u00ebr k\u00ebt\u00eb q\u00ebllim, mjafton nj\u00eb njoftim jo formal t\u00eb d\u00ebrguar n\u00eb email tek ne. Ligjshm\u00ebria e veprimeve t\u00eb p\u00ebrpunimit t\u00eb t\u00eb dh\u00ebnave q\u00eb jan\u00eb kryer deri n\u00eb t\u00ebrheqjen e miratimit tuaj nuk preket nga t\u00ebrheqja.<br \/>\nT\u00eb dh\u00ebnat e futura nga ju n\u00eb formularin e kontaktit mbeten te ne deri sa t\u00eb na k\u00ebrkoni t\u00eb fshijm\u00eb, t\u00eb t\u00ebrhiqni miratimin p\u00ebr ruajtjen, ose q\u00ebllimi p\u00ebr ruajtjen e t\u00eb dh\u00ebnave mbaron (p.sh. pasi t\u00eb jet\u00eb p\u00ebrfunduar k\u00ebrkesa e pyetjes suaj). Dispozitat ligjore t\u00eb detyruara \u2013 sidomos afatet e ruajtjes \u2013 nuk preken.<\/p>\n<p><strong>P\u00ebrpunimi i t\u00eb Dh\u00ebnave (T\u00eb Dh\u00ebna t\u00eb Klient\u00ebve dhe t\u00eb Kontratave)<\/strong><br \/>\nNe ruajm\u00eb, p\u00ebrpunojm\u00eb dhe p\u00ebrdorim t\u00eb dh\u00ebna personale vet\u00ebm n\u00ebse ato jan\u00eb t\u00eb nevojshme p\u00ebr t\u00eb arsyetuar, p\u00ebrshtatur ose ndryshuar raportin ligjor (t\u00eb dh\u00ebnat ekzistuese). T\u00eb dh\u00ebnat personale mbi p\u00ebrdorimin e faqeve tona t\u00eb internetit (t\u00eb dh\u00ebnat e p\u00ebrdorimit) i ruajm\u00eb, i p\u00ebrpunojm\u00eb dhe i p\u00ebrdorim vet\u00ebm n\u00ebse \u00ebsht\u00eb e nevojshme p\u00ebr t\u00eb mund\u00ebsuar p\u00ebrdoruesin t\u00eb p\u00ebrdor\u00eb sh\u00ebrbimin ose p\u00ebr t\u00eb faturuar.<br \/>\nT\u00eb dh\u00ebnat e mbledhura t\u00eb klient\u00ebve fshihen pas p\u00ebrfundimit t\u00eb porosis\u00eb ose mbylljes s\u00eb marr\u00ebdh\u00ebnies tregtare. Afatet ligjore t\u00eb ruajtjes nuk preken.<\/p>\n<p><strong>Protokollimi<\/strong><br \/>\nKur qaseni n\u00eb faqet tona t\u00eb internetit, informacionet t\u00eb lidhura me komunikimin (p.sh. adresa e shkurtuar e protokollit t\u00eb internetit) respektivisht informacionet t\u00eb lidhura me p\u00ebrdorimin (p.sh. t\u00eb dh\u00ebna mbi fillimin dhe koh\u00ebn e p\u00ebrdorimit, si dhe sh\u00ebrbimet e telekomunikacionit q\u00eb keni p\u00ebrdorur) gjenerohen automatikisht me mjetet teknike. K\u00ebto mund t\u00eb \u00e7ojn\u00eb n\u00eb konkluzione rreth t\u00eb dh\u00ebnave personale. Gjithashtu, ruhen informacione q\u00eb nuk mund t&#8217;i atribuohen nj\u00eb personi t\u00eb caktuar (p.sh. browseri i p\u00ebrdorur i internetit; sistemi operativ; emri i domenit t\u00eb faqes nga e cila keni ardhur; numri i vizitave; koha mesatare e q\u00ebndrimit; faqet e vizituara). Ne p\u00ebrdorim k\u00ebto informacione p\u00ebr t\u00eb p\u00ebrcaktuar atraktivitetin e faqeve tona t\u00eb internetit dhe p\u00ebr t\u00eb p\u00ebrmir\u00ebsuar performanc\u00ebn dhe p\u00ebrmbajtjen e tyre.<\/p>\n<p><strong>Komponente Aktive (p.sh. Cookies, Javascript etj.)<\/strong><br \/>\nKur vizitoni nj\u00ebr\u00ebn nga faqet tona t\u00eb internetit, mund t\u00eb vendosim informacione n\u00eb form\u00ebn e nj\u00eb &#8220;cookie&#8221; n\u00eb kompjuterin tuaj. Cookiet na lejojn\u00eb, p\u00ebr shembull, t\u00eb p\u00ebrshtatim nj\u00eb faqe sipas interesave tuaja ose t\u00eb ruajm\u00eb fjal\u00ebkalimin tuaj, k\u00ebshtu q\u00eb nuk duhet ta shkruani at\u00eb \u00e7do her\u00eb nga e para. Pasi nj\u00eb cookie nuk mund t\u00eb p\u00ebrdoret p\u00ebr t\u00eb individualizuar menj\u00ebher\u00eb nj\u00eb person t\u00eb caktuar, p\u00ebrdorimi i tyre \u00ebsht\u00eb i lejuar. N\u00ebse nuk doni q\u00eb kompjuteri juaj t\u00eb njihet s\u00ebrish, ju lutemi, konfiguroni browserin tuaj t\u00eb internetit q\u00eb t\u00eb fshij\u00eb cookie-t, t\u00eb bllokoj\u00eb t\u00eb gjitha cookie-t ose t&#8217;ju njoftoj\u00eb p\u00ebrpara se nj\u00eb cookie t\u00eb ruhet.<\/p>\n<p><strong>Skedar\u00ebt Server-Log<\/strong><br \/>\nOfruesi i faqeve mbledh dhe ruan automatikisht informacione n\u00eb skedar\u00ebt e quajtur Server-Log, q\u00eb browseri juaj i d\u00ebrgon automatikisht te ne. K\u00ebto jan\u00eb:<br \/>\nLloji dhe versioni i browserit<br \/>\nSistemi operativ i p\u00ebrdorur<br \/>\nURL-ja e Referuesit (Referrer URL)<br \/>\nEmri host t\u00eb kompjuterit q\u00eb ka qasje<br \/>\nKoha e k\u00ebrkes\u00ebs s\u00eb serverit<br \/>\nAdresa IP<br \/>\nK\u00ebto t\u00eb dh\u00ebna nuk kombinohen me burime t\u00eb tjera t\u00eb t\u00eb dh\u00ebnave.<br \/>\nMbledhja e k\u00ebtyre t\u00eb dh\u00ebnave kryhet n\u00eb baz\u00eb t\u00eb Nenit 6 Paragrafi 1 Pik\u00eb f i GDPR. Operatori i faqeve ka nj\u00eb interes t\u00eb ligjsh\u00ebm n\u00eb paraqitjen teknike pa gabime dhe optimizimin e faqes s\u00eb tij t\u00eb internetit &#8211; p\u00ebr k\u00ebt\u00eb q\u00ebllim duhet t\u00eb mblidhen skedar\u00ebt e Server-Log.<\/p>\n<p><strong>Siguria<\/strong><br \/>\nNe p\u00ebrdorim masa t\u00eb siguris\u00eb teknike dhe organizative p\u00ebr t\u00eb mbrojtur t\u00eb dh\u00ebnat e ofruara nga ju nga manipulimet rast\u00ebsore ose t\u00eb q\u00ebllimshme, humbja, shkat\u00ebrrimi ose qasja nga personat e paautorizuar. Ne p\u00ebrdorim standarde dhe p\u00ebrmir\u00ebsojm\u00eb masat tona sipas p\u00ebrparimit teknologjik. Megjithat\u00eb, duhet t\u00eb theksojm\u00eb se t\u00eb dh\u00ebnat gjat\u00eb transmetimit n\u00eb internet, sipas gjendjes s\u00eb tanishme t\u00eb teknologjis\u00eb, nuk mund t\u00eb mbrohen n\u00eb m\u00ebnyr\u00eb t\u00eb plot\u00eb.<\/p>\n<p><strong>E Drejta e Kund\u00ebrshtimit<\/strong><br \/>\nMe k\u00ebnaq\u00ebsi do t&#8217;ju informojm\u00eb p\u00ebr p\u00ebrdorimin e t\u00eb dh\u00ebnave personale q\u00eb na keni l\u00ebn\u00eb. Ju keni t\u00eb drejt\u00eb t\u00eb kund\u00ebrshtoni n\u00eb \u00e7do koh\u00eb p\u00ebr p\u00ebrpunimin dhe p\u00ebrdorimin e t\u00eb dh\u00ebnave tuaja, sipas Ligjit p\u00ebr Mbrojtjen e t\u00eb Dh\u00ebnave Personale t\u00eb Kish\u00ebs Evangjelike n\u00eb Gjermani. P\u00ebr k\u00ebt\u00eb q\u00ebllim, mjafton nj\u00eb njoftim p\u00ebrkat\u00ebs n\u00eb ArcheNoris gGmbH q\u00eb gjendet n\u00eb imprint t\u00eb faqes. N\u00ebse d\u00ebshironi, t\u00eb dh\u00ebnat tuaja nuk do t\u00eb p\u00ebrdoren p\u00ebr kontakte t\u00eb tjera dhe do t\u00eb fshihen.<\/p>\n<p><strong>Siguria e email-it<\/strong><br \/>\nKur na d\u00ebrgoni nj\u00eb email, adresa juaj e emailit p\u00ebrdoret vet\u00ebm p\u00ebr korrespondenc\u00eb me ju. Adresat e emailit q\u00eb na i jepni n\u00eb kuad\u00ebr t\u00eb nj\u00eb porosie p\u00ebr newsletter, do t\u00eb p\u00ebrdoren vet\u00ebm p\u00ebr k\u00ebt\u00eb q\u00ebllim. Nuk p\u00ebrdoret ndonj\u00eb metod\u00eb e enkriptimit.<\/p>\n<p><strong>P\u00ebrgjegj\u00ebs p\u00ebr Ruajtjen e t\u00eb Dh\u00ebnave<\/strong><\/p>\n<p>Sven L\u00fcnke<br \/>\nTelefon: +49 (9129) 907 68 99<br \/>\nE-Mail: luenke@sepire.de<\/p>\n<p><strong>Udh\u00ebzime p\u00ebr P\u00ebrdorimin e Formularit t\u00eb Aplikimit Online<\/strong><\/p>\n<p>Gjat\u00eb aplikimit tuaj online p\u00ebrmes formularit t\u00eb aplikimit, ju na lini nj\u00eb s\u00ebr\u00eb t\u00eb t\u00eb dh\u00ebnave personale. K\u00ebto p\u00ebrfshijn\u00eb emrin, adres\u00ebn e emailit, CV-n\u00eb, d\u00ebftesat dhe t\u00eb gjitha informacionet q\u00eb jepni n\u00eb formularin e aplikimit online, si dhe fotografi dhe dokumente q\u00eb ngarkoni. N\u00eb momentin q\u00eb hyni dhe ndryshoni formularin e aplikimit online, teknologjia e sigurt SSL aktivizohet. K\u00ebshtu t\u00eb dh\u00ebnat transmetohen me enkriptim.<br \/>\nT\u00eb dh\u00ebnat tuaja personale ruhen p\u00ebrkoh\u00ebsisht n\u00eb serverin e Diakonie Gjermani, q\u00eb ofron sh\u00ebrbimin e aplikimit online qendror p\u00ebr institucionet e saj. Institucioni ku jeni duke aplikuar merr p\u00ebrmes emailit dhe nj\u00eb linku t\u00eb dh\u00ebnat tuaja q\u00eb keni sh\u00ebnuar n\u00eb formular, p\u00ebrmes t\u00eb cilit mund t\u00eb hapet dokumentacioni q\u00eb keni bashk\u00ebngjitur me aplikimin tuaj. Pas 30 dit\u00ebve, t\u00eb dh\u00ebnat fshihen.<br \/>\nInstitucioni ku keni aplikuar ruan dhe arkivon t\u00eb dh\u00ebnat n\u00eb kuad\u00ebr t\u00eb procedur\u00ebs s\u00eb aplikimit n\u00eb departamentin e personelit, sipas standardeve t\u00eb zakonshme t\u00eb procesit t\u00eb aplikimit. Detajet n\u00eb lidhje me k\u00ebt\u00eb nuk jan\u00eb t\u00eb njohura nga Diakonie Gjermani dhe ajo nuk mund t\u00eb marr\u00eb p\u00ebrgjegj\u00ebsi p\u00ebr to. Institucionet e Diakonis\u00eb i n\u00ebnshtrohen sikur edhe vet\u00eb Diakonie Gjermani Ligjit p\u00ebr Mbrojtjen e t\u00eb Dh\u00ebnave Personale t\u00eb Kish\u00ebs Evangjelike n\u00eb Gjermani dhe gjithashtu ligjeve shtet\u00ebrore t\u00eb mbrojtjes s\u00eb t\u00eb dh\u00ebnave.<\/p>\n<p><strong>Informacion Ligjor p\u00ebr Ruajtjen e t\u00eb Dh\u00ebnave<\/strong><br \/>\nT\u00eb dh\u00ebnat personale t\u00eb ofruara ruhen, p\u00ebrpunohen dhe p\u00ebrdoren vet\u00ebm p\u00ebr q\u00ebllimet e caktuara sipas Ligjit p\u00ebr Mbrojtjen e t\u00eb Dh\u00ebnave Personale t\u00eb Kish\u00ebs Evangjelike n\u00eb Gjermani dhe sipas Ligjit Federal p\u00ebr Mbrojtjen e t\u00eb Dh\u00ebnave Personale. T\u00eb dh\u00ebnat nuk do t\u00eb jepen te pal\u00eb t\u00eb treta ose t\u00eb p\u00ebrdoren p\u00ebr q\u00ebllime komerciale. L\u00ebnia n\u00eb dispozicion e t\u00eb dh\u00ebnave personale \u00ebsht\u00eb e vullnetshme dhe ju keni t\u00eb drejt\u00eb t\u00eb kund\u00ebrshtoni n\u00eb \u00e7do koh\u00eb p\u00ebr p\u00ebrpunimin dhe p\u00ebrdorimin e t\u00eb dh\u00ebnave p\u00ebr t\u00eb ardhmen. P\u00ebr k\u00ebt\u00eb q\u00ebllim, mjafton nj\u00eb njoftim p\u00ebrkat\u00ebs te rrjeti social Arche e.V.<\/p>\n<p>Burimi: diakonie.de<\/p>\n<p><strong>P\u00ebrdorimi i Social Plugins<\/strong><\/p>\n<p><strong>YouTube<\/strong><br \/>\nFaqja jon\u00eb p\u00ebrdor plugins p\u00ebr faqen YouTube q\u00eb operohet nga Google. Operatori i faqeve \u00ebsht\u00eb YouTube, LLC, 901 Cherry Ave., San Bruno, CA 94066, SHBA.<br \/>\nKur vizitoni nj\u00eb nga faqet tona t\u00eb pajisura me nj\u00eb plugin t\u00eb YouTube, krijohet nj\u00eb lidhje me serverat e YouTube. K\u00ebshtu, serveri i YouTube-it merr informacion se cil\u00ebn prej faqeve tona keni vizituar.<br \/>\nN\u00ebse jeni t\u00eb ky\u00e7ur n\u00eb llogarin\u00eb tuaj t\u00eb YouTube, kjo i mund\u00ebson YouTube-it t\u00eb nd\u00ebrlidh\u00eb veprimet tuaja n\u00eb internet drejtp\u00ebrdrejt\u00eb me profilin tuaj personal. K\u00ebt\u00eb mund ta parandaloni duke dalur nga llogaria juaj e YouTube-it.<br \/>\nP\u00ebrdorimi i YouTube kryhet n\u00eb interes t\u00eb paraqitjes atraktive t\u00eb ofertave tona n\u00eb internet. Kjo p\u00ebrfaq\u00ebson nj\u00eb interes t\u00eb ligjsh\u00ebm sipas Nenit 6 Paragrafi 1 Pik\u00eb f i GDPR.<br \/>\nInformacione t\u00eb tjera mbi trajtimin e t\u00eb dh\u00ebnave t\u00eb p\u00ebrdoruesve gjeni n\u00eb deklarat\u00ebn p\u00ebr mbrojtjen e t\u00eb dh\u00ebnave t\u00eb YouTube-it n\u00eb:\u00a0https:\/\/www.google.de\/intl\/de\/policies\/privacy.<\/p>\n<p><strong>Google Web Fonts<\/strong><br \/>\nKjo faqe p\u00ebrdor Web Fonts q\u00eb ofrohet nga Google p\u00ebr t\u00eb paraqitur n\u00eb m\u00ebnyr\u00eb uniforme modelin e shkrimit. Kur nj\u00eb faqe hapet, browseri juaj ngarkon Web Fonts t\u00eb nevojshme n\u00eb memorien e browserit tuaj, p\u00ebr t\u00eb paraqitur tekstin dhe shkronjat n\u00eb m\u00ebnyr\u00eb t\u00eb sakt\u00eb.<br \/>\nP\u00ebr k\u00ebt\u00eb q\u00ebllim, browseri juaj q\u00eb ju p\u00ebrdorni duhet t\u00eb lidhet me serverat e Google. P\u00ebrmes k\u00ebsaj, Google merr njohuri se faqja jon\u00eb \u00ebsht\u00eb vizituar p\u00ebrmes adres\u00ebs suaj IP. P\u00ebrdorimi i Google Web Fonts kryhet n\u00eb interes t\u00eb paraqitjes uniforme dhe atraktive t\u00eb ofertave tona n\u00eb internet. Kjo p\u00ebrfaq\u00ebson nj\u00eb interes t\u00eb ligjsh\u00ebm sipas Nenit 6 Paragrafi 1 Pik\u00eb f i GDPR.<br \/>\nN\u00ebse browseri juaj nuk e mb\u00ebshtet Web Fonts, do t\u00eb p\u00ebrdoret nj\u00eb shkrim standard nga kompjuteri juaj.<br \/>\nInformacione t\u00eb tjera p\u00ebr Google Web Fonts mund t\u00eb gjeni n\u00eb\u00a0https:\/\/developers.google.com\/fonts\/faq\u00a0dhe n\u00eb deklarat\u00ebn p\u00ebr ruajtjen e t\u00eb dh\u00ebnav nga Google:\u00a0https:\/\/www.google.com\/policies\/privacy\/.[\/vc_column_text][\/vc_column][\/vc_row]<\/p>\n<\/div>","protected":false},"excerpt":{"rendered":"<p>[vc_row][vc_column][vc_column_text uncode_shortcode_id=&#8221;142727&#8243;] Deklarat\u00eb rreth ruajtjes t\u00eb t\u00eb dh\u00ebnave T\u00eb p\u00ebrgjitshme P\u00ebr ArcheNoris gGmbH, mbrojtja e t\u00eb dh\u00ebnave personale, t\u00eb dh\u00ebna [&hellip;]<\/p>\n","protected":false},"author":1,"featured_media":0,"parent":0,"menu_order":0,"comment_status":"closed","ping_status":"closed","template":"","meta":{"footnotes":""},"class_list":["post-112254","page","type-page","status-publish","hentry"],"_links":{"self":[{"href":"https:\/\/arche-works.de\/sq\/wp-json\/wp\/v2\/pages\/112254","targetHints":{"allow":["GET"]}}],"collection":[{"href":"https:\/\/arche-works.de\/sq\/wp-json\/wp\/v2\/pages"}],"about":[{"href":"https:\/\/arche-works.de\/sq\/wp-json\/wp\/v2\/types\/page"}],"author":[{"embeddable":true,"href":"https:\/\/arche-works.de\/sq\/wp-json\/wp\/v2\/users\/1"}],"replies":[{"embeddable":true,"href":"https:\/\/arche-works.de\/sq\/wp-json\/wp\/v2\/comments?post=112254"}],"version-history":[{"count":2,"href":"https:\/\/arche-works.de\/sq\/wp-json\/wp\/v2\/pages\/112254\/revisions"}],"predecessor-version":[{"id":112576,"href":"https:\/\/arche-works.de\/sq\/wp-json\/wp\/v2\/pages\/112254\/revisions\/112576"}],"wp:attachment":[{"href":"https:\/\/arche-works.de\/sq\/wp-json\/wp\/v2\/media?parent=112254"}],"curies":[{"name":"wp","href":"https:\/\/api.w.org\/{rel}","templated":true}]}}